{"id":1139,"date":"2023-09-02T14:25:47","date_gmt":"2023-09-02T14:25:47","guid":{"rendered":"https:\/\/ilp.edu.ar\/?page_id=1139"},"modified":"2023-10-31T17:05:36","modified_gmt":"2023-10-31T17:05:36","slug":"documento-becas-2024","status":"publish","type":"page","link":"https:\/\/ilp.edu.ar\/index.php\/documento-becas-2024\/","title":{"rendered":"Reglamento General de Becas 2024"},"content":{"rendered":"\t\t<div data-elementor-type=\"wp-page\" data-elementor-id=\"1139\" class=\"elementor elementor-1139\">\n\t\t\t\t\t\t\t\t\t<section class=\"elementor-section elementor-top-section elementor-element elementor-element-3208630 elementor-section-boxed elementor-section-height-default elementor-section-height-default\" data-id=\"3208630\" data-element_type=\"section\">\n\t\t\t\t\t\t<div class=\"elementor-container elementor-column-gap-default\">\n\t\t\t\t\t<div class=\"elementor-column elementor-col-100 elementor-top-column elementor-element elementor-element-6d18a58\" data-id=\"6d18a58\" data-element_type=\"column\">\n\t\t\t<div class=\"elementor-widget-wrap elementor-element-populated\">\n\t\t\t\t\t\t\t\t<div class=\"elementor-element elementor-element-b0775ae elementor-widget elementor-widget-heading\" data-id=\"b0775ae\" data-element_type=\"widget\" data-widget_type=\"heading.default\">\n\t\t\t\t<div class=\"elementor-widget-container\">\n\t\t\t<style>\/*! elementor - v3.14.0 - 26-06-2023 *\/\n.elementor-heading-title{padding:0;margin:0;line-height:1}.elementor-widget-heading .elementor-heading-title[class*=elementor-size-]>a{color:inherit;font-size:inherit;line-height:inherit}.elementor-widget-heading .elementor-heading-title.elementor-size-small{font-size:15px}.elementor-widget-heading .elementor-heading-title.elementor-size-medium{font-size:19px}.elementor-widget-heading .elementor-heading-title.elementor-size-large{font-size:29px}.elementor-widget-heading .elementor-heading-title.elementor-size-xl{font-size:39px}.elementor-widget-heading .elementor-heading-title.elementor-size-xxl{font-size:59px}<\/style><h2 class=\"elementor-heading-title elementor-size-default\">INSTITUTO LUJ\u00c1N PORTE\u00d1O\nREGLAMENTOGENERAL DE BECAS\n<\/h2>\t\t<\/div>\n\t\t\t\t<\/div>\n\t\t\t\t<div class=\"elementor-element elementor-element-a084629 elementor-widget elementor-widget-text-editor\" data-id=\"a084629\" data-element_type=\"widget\" data-widget_type=\"text-editor.default\">\n\t\t\t\t<div class=\"elementor-widget-container\">\n\t\t\t<style>\/*! elementor - v3.14.0 - 26-06-2023 *\/\n.elementor-widget-text-editor.elementor-drop-cap-view-stacked .elementor-drop-cap{background-color:#69727d;color:#fff}.elementor-widget-text-editor.elementor-drop-cap-view-framed .elementor-drop-cap{color:#69727d;border:3px solid;background-color:transparent}.elementor-widget-text-editor:not(.elementor-drop-cap-view-default) .elementor-drop-cap{margin-top:8px}.elementor-widget-text-editor:not(.elementor-drop-cap-view-default) .elementor-drop-cap-letter{width:1em;height:1em}.elementor-widget-text-editor .elementor-drop-cap{float:left;text-align:center;line-height:1;font-size:50px}.elementor-widget-text-editor .elementor-drop-cap-letter{display:inline-block}<\/style>\t\t\t\t<p>INTRODUCCI\u00d3N<\/p>\n<p><span style=\"font-style: inherit; font-weight: inherit; background-color: var(--ast-global-color-1);\">\u201cEL INSTITUTO LUJ\u00c1N PORTE\u00d1O\u201d (A-461), es una instituci\u00f3n educacional religiosa de gesti\u00f3n privada perteneciente al Arzobispado de la Ciudad de Buenos Aires bajo la \u00f3rbita de la Vicar\u00eda Episcopal para la Pastoral de Educaci\u00f3n.<\/span><br><\/p><p>En respuesta a su compromiso educacional otorga el beneficio de la beca de estudio, teniendo como prop\u00f3sito colaborar con aquellos alumnos cuyos representantes legales tengan dificultades para asumir el costo financiero de sus estudios.-<br>CAP\u00cdTULO I.-<br>DISPOSICIONES GENERALES.-<br>ART\u00cdCULO 1\u00ba.- Concepto de Beca. El concepto de beca debe entenderse como la ayuda econ\u00f3mica que recibe la familia (representante legal: padre, madre, tutor, etc.) de un estudiante, para imputarse \u00fanicamente al pago de los aranceles mensuales, en cualquiera de los tres niveles de educaci\u00f3n que brinda el Instituto Luj\u00e1n Porte\u00f1o (A-461). Las mismas se asignar\u00e1n de acuerdo con las normas y criterios establecidos en el presente Reglamento General.<br>La beca consiste en una rebaja del arancel mensual a los representantes legales de los alumnos con situaci\u00f3n deficitaria (un beneficio por familia) y, que adem\u00e1s posean buen rendimiento acad\u00e9mico; participen activamente en las actividades que se organizan en la comunidad escolar, que tengan un comportamiento que se ajusta al Ideario Institucional y a las Normas de Convivencia. Id\u00e9ntica conducta deber\u00e1n manifestar los representantes legales de los estudiantes (padres, madres, tutores, etc.), respecto a las Normas de Convivencia.<br>Fijar su monto y seleccionar a los beneficiarios, es facultad que corresponde ejercer y determinar al Establecimiento Educativo.<br>La beca no incluye ni cubre el concepto de la \u201cMatr\u00edcula\u201d anual.-<br>ART\u00cdCULO 2\u00ba. Finalidad. Las becas tienen por finalidad facilitar la continuaci\u00f3n de estudios a aquellos estudiantes cuyos representantes legales por circunstancias especiales o extraordinarias no puedan hacer frente al pago total del arancel mensual.<br>ART\u00cdCULO 3\u00ba.- Plazo. Las becas que se otorguen ser\u00e1n anuales, constituir\u00e1n un beneficio de car\u00e1cter personal e intransferible del becario y ser\u00e1n incompatibles con otros beneficios de car\u00e1cter similar. Tendr\u00e1 validez por un s\u00f3lo ciclo lectivo. No se renueva en forma autom\u00e1tica. Si la familia necesita solicitar nuevamente la beca deber\u00e1 postularse en las formas y plazos establecidos en el presente documento.<\/p>\n<p>CAP\u00cdTULO II.-<br>DE LOS BENEFICIARIOS.-<br>ART\u00cdCULO 4\u00ba. Aspirantes. Podr\u00e1n aspirar a ser beneficiarios de becas, los estudiantes de cualquiera de los niveles educativos que se brindan en la Instituci\u00f3n.<br>ART\u00cdCULO 5\u00ba. Requisitos y condiciones. Son requisitos y condiciones para aspirar a ser beneficiario de una beca:<br>1)\tSer alumno del Instituto Luj\u00e1n Porte\u00f1o.<br>2)\tAdherir al Ideario institucional y las normas de convivencia vigentes.<br>3)\tAcreditar el siguiente rendimiento acad\u00e9mico: en el caso de alumnos del nivel Secundario, haber obtenido en sus estudios calificaciones que le permitiera promover el a\u00f1o (con hasta 2 materias pendientes).<br>En el caso de los alumnos del nivel Inicial y nivel Primario deben tener rendimiento acad\u00e9mico suficiente.<br>4)\tSu situaci\u00f3n socio-econ\u00f3mico debe ameritar la postulaci\u00f3n al beneficio.<br>5)\tEstar al d\u00eda en el pago de los aranceles mensuales.<br>CAP\u00cdTULO III.<br>DE LOS CRITERIOS PARA ASIGNAR LAS BECAS.-<br>ART\u00cdCULO 6\u00ba.- Para adjudicar las becas a los postulantes que cumplimenten los requisitos y condiciones previstos en el cap\u00edtulo anterior, se tendr\u00e1 en cuenta la condici\u00f3n socioecon\u00f3mica del grupo familiar y el desempe\u00f1o acad\u00e9mico del estudiante, otorg\u00e1ndose una sola beca por familia.<br>ART\u00cdCULO 7\u00ba.- La condici\u00f3n socioecon\u00f3mica ser\u00e1 determinada por:<br>1) Los ingresos y egresos del grupo familiar. (Anexo II)<br>2) La condici\u00f3n de actividad del principal perceptor de ingresos del grupo familiar, priorizando aquellos casos en que se encuentren desocupados o subocupados.<br>3) La situaci\u00f3n jur\u00eddica del inmueble que habita el postulante, prioriz\u00e1ndose los supuestos en que el inmueble no sea propio o se encuentre hipotecado.<br>4) A fin de corroborar la situaci\u00f3n socioecon\u00f3mica la Instituci\u00f3n Educativa podr\u00e1 realizar visita domiciliaria a la residencia del estudiante, mediante una asistente social que sea asignada por el Colegio.<br>ART\u00cdCULO 8\u00ba.- Para determinar el desempe\u00f1o acad\u00e9mico del estudiante se tendr\u00e1 en cuenta:<br>1) El rendimiento acad\u00e9mico de el\/la aspirante a la beca.<br>2) La regularidad de asistencias.<br>3) Informe Global de la Direcci\u00f3n que corresponda al nivel educativo del aspirante a la beca.-<br>CAP\u00cdTULO IV<br>DEL PROCEDIMIENTO PARA LA OBTENCION DE LA BECA.<br>ART\u00cdCULO 9\u00ba.- La presentaci\u00f3n de la solicitud de la Beca deber\u00e1 realizarse en el mes de septiembre de cada a\u00f1o, mediante la remisi\u00f3n del formulario respectivo al Representante Legal de la Instituci\u00f3n. (Anexo I \/ Formulario Google)<br>Presentaci\u00f3n de la documentaci\u00f3n respaldatoria. (Anexo II)<br>Asimismo, la Instituci\u00f3n, podr\u00e1 convocar en el mes de noviembre a los representantes legales del estudiante por el que se solicita la beca a una entrevista a fin de interiorizarse en la solicitud y necesidades de la familia.<br>CAP\u00cdTULO V.-<br>DEL TR\u00c1MITE DE ADJUDICACION.-<br>ART\u00cdCULO 10\u00ba. El Representante Legal de la Instituci\u00f3n, dejar\u00e1 constancia de las solicitudes presentadas.<br>ART\u00cdCULO 11\u00ba.- Se evaluar\u00e1n las distintas peticiones de beca conforme los t\u00e9rminos del presente, por una comisi\u00f3n evaluadora integrada por Consejo Directivo y administraci\u00f3n.<br>ART\u00cdCULO 12\u00ba.- Una vez seleccionados los beneficiarios se les comunicar\u00e1 a los representantes de los estudiantes beneficiados la obtenci\u00f3n de la misma.<br>CAP\u00cdTULO VI.-<br>DE LAS OBLIGACIONES DE LOS BECARIOS.-<br>ART\u00cdCULO 13\u00ba.- La presentaci\u00f3n de la solicitud implicar\u00e1 el conocimiento y aceptaci\u00f3n del presente Reglamento de becas, y el compromiso de cumplimiento de las obligaciones que de \u00e9l resulten. La permanencia de las condiciones que hubieren justificado el otorgamiento de la beca, ser\u00e1 condici\u00f3n indispensable para el mantenimiento del beneficio durante el ciclo lectivo otorgado.<br>ART\u00cdCULO 14\u00ba.- Los becarios deber\u00e1n mantener al d\u00eda el pago del arancel mensual para mantener el beneficio.<br>CAP\u00cdTULO VII.-<br>DE LAS SANCIONES.-<br>ART\u00cdCULO 15\u00ba. &#8211; Los datos consignados en la solicitud de beca tendr\u00e1n el car\u00e1cter de declaraci\u00f3n jurada y su falsedad har\u00e1 pasible al firmante de las sanciones administrativas correspondientes.-<br>CAP\u00cdTULO VIII.<br>DE LAS CONDICIONES PARA LA RENOVACI\u00d3N DE LA BECA.-<br>ART\u00cdCULO 16\u00ba.- El beneficiario deber\u00e1 presentar nuevamente la solicitud de beca dentro del plazo indicado por el Instituto.<br>CAP\u00cdTULO IX.<br>DE LA CESACION DEL BENEFICIO.-<br>ART\u00cdCULO 17\u00ba.- La cesaci\u00f3n del beneficio de la beca ser\u00e1 dispuesta en los siguientes casos:<br>1) Por desaparici\u00f3n o sustancial modificaci\u00f3n de las causas que justificaron su  otorgamiento;<br>2) Por incumplimiento acad\u00e9mico;<br>3) Por permanencia en el mismo grado\/curso;<br>4) Por incumplimiento de las condiciones del contrato de servicio educativo;<br>5) Por renuncia del beneficiario;<br>6) Por haber incurrido en faltas graves establecidas en el Reglamento Interno de Convivencia y Acuerdo Interno de Convivencia.<br>7) Por otras causas que a criterio de la Comisi\u00f3n de Adjudicaci\u00f3n justifiquen la cesaci\u00f3n del beneficio, debiendo la resoluci\u00f3n que as\u00ed lo disponga estar debidamente fundada.-<br>8) La beca caduca de modo autom\u00e1tico ante la falta de pago de dos aranceles mensuales consecutivos.<\/p>\t\t\t\t\t\t<\/div>\n\t\t\t\t<\/div>\n\t\t\t\t\t<\/div>\n\t\t<\/div>\n\t\t\t\t\t\t\t<\/div>\n\t\t<\/section>\n\t\t\t\t<section class=\"elementor-section elementor-top-section elementor-element elementor-element-824efdd elementor-section-boxed elementor-section-height-default elementor-section-height-default\" data-id=\"824efdd\" data-element_type=\"section\">\n\t\t\t\t\t\t<div class=\"elementor-container elementor-column-gap-default\">\n\t\t\t\t\t<div class=\"elementor-column elementor-col-100 elementor-top-column elementor-element elementor-element-1ab614b\" data-id=\"1ab614b\" data-element_type=\"column\">\n\t\t\t<div class=\"elementor-widget-wrap elementor-element-populated\">\n\t\t\t\t\t\t\t\t<div class=\"elementor-element elementor-element-8a3c3a5 elementor-widget elementor-widget-text-editor\" data-id=\"8a3c3a5\" data-element_type=\"widget\" data-widget_type=\"text-editor.default\">\n\t\t\t\t<div class=\"elementor-widget-container\">\n\t\t\t\t\t\t\t<p>\nREGLAMENTO GENERAL DE BECAS<br>INSTITUTO LUJ\u00c1N PORTE\u00d1O.<\/p><p>INTRODUCCI\u00d3N<\/p>\n<p><span style=\"font-style: inherit; font-weight: inherit; background-color: var(--ast-global-color-1);\">\u201cEL INSTITUTO LUJ\u00c1N PORTE\u00d1O\u201d (A-461), es una instituci\u00f3n educacional religiosa de gesti\u00f3n privada perteneciente al Arzobispado de la Ciudad de Buenos Aires bajo la \u00f3rbita de la Vicar\u00eda Episcopal para la Pastoral de Educaci\u00f3n.<\/span><br><\/p><p>En respuesta a su compromiso educacional otorga el beneficio de la beca de estudio, teniendo como prop\u00f3sito colaborar con aquellos alumnos cuyos representantes legales tengan dificultades para asumir el costo financiero de sus estudios.-<br>CAP\u00cdTULO I.-<br>DISPOSICIONES GENERALES.-<br>ART\u00cdCULO 1\u00ba.- Concepto de Beca. El concepto de beca debe entenderse como la ayuda econ\u00f3mica que recibe la familia (representante legal: padre, madre, tutor, etc.) de un estudiante, para imputarse \u00fanicamente al pago de los aranceles mensuales, en cualquiera de los tres niveles de educaci\u00f3n que brinda el Instituto Luj\u00e1n Porte\u00f1o (A-461). Las mismas se asignar\u00e1n de acuerdo con las normas y criterios establecidos en el presente Reglamento General.<br>La beca consiste en una rebaja del arancel mensual a los representantes legales de los alumnos con situaci\u00f3n deficitaria (un beneficio por familia) y, que adem\u00e1s posean buen rendimiento acad\u00e9mico; participen activamente en las actividades que se organizan en la comunidad escolar, que tengan un comportamiento que se ajusta al Ideario Institucional y a las Normas de Convivencia. Id\u00e9ntica conducta deber\u00e1n manifestar los representantes legales de los estudiantes (padres, madres, tutores, etc.), respecto a las Normas de Convivencia.<br>Fijar su monto y seleccionar a los beneficiarios, es facultad que corresponde ejercer y determinar al Establecimiento Educativo.<br>La beca no incluye ni cubre el concepto de la \u201cMatr\u00edcula\u201d anual.-<br>ART\u00cdCULO 2\u00ba. Finalidad. Las becas tienen por finalidad facilitar la continuaci\u00f3n de estudios a aquellos estudiantes cuyos representantes legales por circunstancias especiales o extraordinarias no puedan hacer frente al pago total del arancel mensual.<br>ART\u00cdCULO 3\u00ba.- Plazo. Las becas que se otorguen ser\u00e1n anuales, constituir\u00e1n un beneficio de car\u00e1cter personal e intransferible del becario y ser\u00e1n incompatibles con otros beneficios de car\u00e1cter similar. Tendr\u00e1 validez por un s\u00f3lo ciclo lectivo. No se renueva en forma autom\u00e1tica. Si la familia necesita solicitar nuevamente la beca deber\u00e1 postularse en las formas y plazos establecidos en el presente documento.<\/p>\n<p>CAP\u00cdTULO II.-<br>DE LOS BENEFICIARIOS.-<br>ART\u00cdCULO 4\u00ba. Aspirantes. Podr\u00e1n aspirar a ser beneficiarios de becas, los estudiantes de cualquiera de los niveles educativos que se brindan en la Instituci\u00f3n.<br>ART\u00cdCULO 5\u00ba. Requisitos y condiciones. Son requisitos y condiciones para aspirar a ser beneficiario de una beca:<br>1)\tSer alumno del Instituto Luj\u00e1n Porte\u00f1o.<br>2)\tAdherir al Ideario institucional y las normas de convivencia vigentes.<br>3)\tAcreditar el siguiente rendimiento acad\u00e9mico: en el caso de alumnos del nivel Secundario, haber obtenido en sus estudios calificaciones que le permitiera promover el a\u00f1o (con hasta 2 materias pendientes).<br>En el caso de los alumnos del nivel Inicial y nivel Primario deben tener rendimiento acad\u00e9mico suficiente.<br>4)\tSu situaci\u00f3n socio-econ\u00f3mico debe ameritar la postulaci\u00f3n al beneficio.<br>5)\tEstar al d\u00eda en el pago de los aranceles mensuales.<br>CAP\u00cdTULO III.<br>DE LOS CRITERIOS PARA ASIGNAR LAS BECAS.-<br>ART\u00cdCULO 6\u00ba.- Para adjudicar las becas a los postulantes que cumplimenten los requisitos y condiciones previstos en el cap\u00edtulo anterior, se tendr\u00e1 en cuenta la condici\u00f3n socioecon\u00f3mica del grupo familiar y el desempe\u00f1o acad\u00e9mico del estudiante, otorg\u00e1ndose una sola beca por familia.<br>ART\u00cdCULO 7\u00ba.- La condici\u00f3n socioecon\u00f3mica ser\u00e1 determinada por:<br>1) Los ingresos y egresos del grupo familiar. (Anexo II)<br>2) La condici\u00f3n de actividad del principal perceptor de ingresos del grupo familiar, priorizando aquellos casos en que se encuentren desocupados o subocupados.<br>3) La situaci\u00f3n jur\u00eddica del inmueble que habita el postulante, prioriz\u00e1ndose los supuestos en que el inmueble no sea propio o se encuentre hipotecado.<br>4) A fin de corroborar la situaci\u00f3n socioecon\u00f3mica la Instituci\u00f3n Educativa podr\u00e1 realizar visita domiciliaria a la residencia del estudiante, mediante una asistente social que sea asignada por el Colegio.<br>ART\u00cdCULO 8\u00ba.- Para determinar el desempe\u00f1o acad\u00e9mico del estudiante se tendr\u00e1 en cuenta:<br>1) El rendimiento acad\u00e9mico de el\/la aspirante a la beca.<br>2) La regularidad de asistencias.<br>3) Informe Global de la Direcci\u00f3n que corresponda al nivel educativo del aspirante a la beca.-<br>CAP\u00cdTULO IV<br>DEL PROCEDIMIENTO PARA LA OBTENCION DE LA BECA.<br>ART\u00cdCULO 9\u00ba.- La presentaci\u00f3n de la solicitud de la Beca deber\u00e1 realizarse en el mes de septiembre de cada a\u00f1o, mediante la remisi\u00f3n del formulario respectivo al Representante Legal de la Instituci\u00f3n. (Anexo I \/ Formulario Google)<br>Presentaci\u00f3n de la documentaci\u00f3n respaldatoria. (Anexo II)<br>Asimismo, la Instituci\u00f3n, podr\u00e1 convocar en el mes de noviembre a los representantes legales del estudiante por el que se solicita la beca a una entrevista a fin de interiorizarse en la solicitud y necesidades de la familia.<br>CAP\u00cdTULO V.-<br>DEL TR\u00c1MITE DE ADJUDICACION.-<br>ART\u00cdCULO 10\u00ba. El Representante Legal de la Instituci\u00f3n, dejar\u00e1 constancia de las solicitudes presentadas.<br>ART\u00cdCULO 11\u00ba.- Se evaluar\u00e1n las distintas peticiones de beca conforme los t\u00e9rminos del presente, por una comisi\u00f3n evaluadora integrada por Consejo Directivo y administraci\u00f3n.<br>ART\u00cdCULO 12\u00ba.- Una vez seleccionados los beneficiarios se les comunicar\u00e1 a los representantes de los estudiantes beneficiados la obtenci\u00f3n de la misma.<br>CAP\u00cdTULO VI.-<br>DE LAS OBLIGACIONES DE LOS BECARIOS.-<br>ART\u00cdCULO 13\u00ba.- La presentaci\u00f3n de la solicitud implicar\u00e1 el conocimiento y aceptaci\u00f3n del presente Reglamento de becas, y el compromiso de cumplimiento de las obligaciones que de \u00e9l resulten. La permanencia de las condiciones que hubieren justificado el otorgamiento de la beca, ser\u00e1 condici\u00f3n indispensable para el mantenimiento del beneficio durante el ciclo lectivo otorgado.<br>ART\u00cdCULO 14\u00ba.- Los becarios deber\u00e1n mantener al d\u00eda el pago del arancel mensual para mantener el beneficio.<br>CAP\u00cdTULO VII.-<br>DE LAS SANCIONES.-<br>ART\u00cdCULO 15\u00ba. &#8211; Los datos consignados en la solicitud de beca tendr\u00e1n el car\u00e1cter de declaraci\u00f3n jurada y su falsedad har\u00e1 pasible al firmante de las sanciones administrativas correspondientes.-<br>CAP\u00cdTULO VIII.<br>DE LAS CONDICIONES PARA LA RENOVACI\u00d3N DE LA BECA.-<br>ART\u00cdCULO 16\u00ba.- El beneficiario deber\u00e1 presentar nuevamente la solicitud de beca dentro del plazo indicado por el Instituto.<br>CAP\u00cdTULO IX.<br>DE LA CESACION DEL BENEFICIO.-<br>ART\u00cdCULO 17\u00ba.- La cesaci\u00f3n del beneficio de la beca ser\u00e1 dispuesta en los siguientes casos:<br>1) Por desaparici\u00f3n o sustancial modificaci\u00f3n de las causas que justificaron su  otorgamiento;<br>2) Por incumplimiento acad\u00e9mico;<br>3) Por permanencia en el mismo grado\/curso;<br>4) Por incumplimiento de las condiciones del contrato de servicio educativo;<br>5) Por renuncia del beneficiario;<br>6) Por haber incurrido en faltas graves establecidas en el Reglamento Interno de Convivencia y Acuerdo Interno de Convivencia.<br>7) Por otras causas que a criterio de la Comisi\u00f3n de Adjudicaci\u00f3n justifiquen la cesaci\u00f3n del beneficio, debiendo la resoluci\u00f3n que as\u00ed lo disponga estar debidamente fundada.-<br>8) La beca caduca de modo autom\u00e1tico ante la falta de pago de dos aranceles mensuales consecutivos.<\/p>\t\t\t\t\t\t<\/div>\n\t\t\t\t<\/div>\n\t\t\t\t\t<\/div>\n\t\t<\/div>\n\t\t\t\t\t\t\t<\/div>\n\t\t<\/section>\n\t\t\t\t<section class=\"elementor-section elementor-top-section elementor-element elementor-element-1b06f33 elementor-section-boxed elementor-section-height-default elementor-section-height-default\" data-id=\"1b06f33\" data-element_type=\"section\">\n\t\t\t\t\t\t<div class=\"elementor-container elementor-column-gap-default\">\n\t\t\t\t\t<div class=\"elementor-column elementor-col-100 elementor-top-column elementor-element elementor-element-9db21cd\" data-id=\"9db21cd\" data-element_type=\"column\">\n\t\t\t<div class=\"elementor-widget-wrap elementor-element-populated\">\n\t\t\t\t\t\t\t\t<div class=\"elementor-element elementor-element-a547634 elementor-widget elementor-widget-button\" data-id=\"a547634\" data-element_type=\"widget\" data-widget_type=\"button.default\">\n\t\t\t\t<div class=\"elementor-widget-container\">\n\t\t\t\t\t<div class=\"elementor-button-wrapper\">\n\t\t\t<a class=\"elementor-button elementor-button-link elementor-size-sm\" href=\"#\">\n\t\t\t\t\t\t<span class=\"elementor-button-content-wrapper\">\n\t\t\t\t\t\t<span class=\"elementor-button-text\">ANEXO I<\/span>\n\t\t<\/span>\n\t\t\t\t\t<\/a>\n\t\t<\/div>\n\t\t\t\t<\/div>\n\t\t\t\t<\/div>\n\t\t\t\t\t<\/div>\n\t\t<\/div>\n\t\t\t\t\t\t\t<\/div>\n\t\t<\/section>\n\t\t\t\t<section class=\"elementor-section elementor-top-section elementor-element elementor-element-552b6dd elementor-section-boxed elementor-section-height-default elementor-section-height-default\" data-id=\"552b6dd\" data-element_type=\"section\">\n\t\t\t\t\t\t<div class=\"elementor-container elementor-column-gap-default\">\n\t\t\t\t\t<div class=\"elementor-column elementor-col-100 elementor-top-column elementor-element elementor-element-d9425cf\" data-id=\"d9425cf\" data-element_type=\"column\">\n\t\t\t<div class=\"elementor-widget-wrap elementor-element-populated\">\n\t\t\t\t\t\t\t\t<div class=\"elementor-element elementor-element-ee6db2b elementor-widget elementor-widget-button\" data-id=\"ee6db2b\" data-element_type=\"widget\" data-widget_type=\"button.default\">\n\t\t\t\t<div class=\"elementor-widget-container\">\n\t\t\t\t\t<div class=\"elementor-button-wrapper\">\n\t\t\t<a class=\"elementor-button elementor-button-link elementor-size-sm\" href=\"\" target=\"_blank\">\n\t\t\t\t\t\t<span class=\"elementor-button-content-wrapper\">\n\t\t\t\t\t\t<span class=\"elementor-button-text\">ANEXO II<\/span>\n\t\t<\/span>\n\t\t\t\t\t<\/a>\n\t\t<\/div>\n\t\t\t\t<\/div>\n\t\t\t\t<\/div>\n\t\t\t\t\t<\/div>\n\t\t<\/div>\n\t\t\t\t\t\t\t<\/div>\n\t\t<\/section>\n\t\t\t\t\t\t\t<\/div>\n\t\t","protected":false},"excerpt":{"rendered":"<p>INSTITUTO LUJ\u00c1N PORTE\u00d1O REGLAMENTOGENERAL DE BECAS INTRODUCCI\u00d3N \u201cEL INSTITUTO LUJ\u00c1N PORTE\u00d1O\u201d (A-461), es una instituci\u00f3n educacional religiosa de gesti\u00f3n privada perteneciente al Arzobispado de la Ciudad de Buenos Aires bajo la \u00f3rbita de la Vicar\u00eda Episcopal para la Pastoral de Educaci\u00f3n. En respuesta a su compromiso educacional otorga el beneficio de la beca de estudio, &hellip;<\/p>\n<p class=\"read-more\"> <a class=\"\" href=\"https:\/\/ilp.edu.ar\/index.php\/documento-becas-2024\/\"> <span class=\"screen-reader-text\">Reglamento General de Becas 2024<\/span> Leer m\u00e1s &raquo;<\/a><\/p>\n","protected":false},"author":2,"featured_media":0,"parent":0,"menu_order":0,"comment_status":"closed","ping_status":"closed","template":"","meta":{"_uag_custom_page_level_css":"","site-sidebar-layout":"no-sidebar","site-content-layout":"page-builder","ast-global-header-display":"","ast-banner-title-visibility":"","ast-main-header-display":"","ast-hfb-above-header-display":"","ast-hfb-below-header-display":"","ast-hfb-mobile-header-display":"","site-post-title":"disabled","ast-breadcrumbs-content":"","ast-featured-img":"disabled","footer-sml-layout":"","theme-transparent-header-meta":"","adv-header-id-meta":"","stick-header-meta":"","header-above-stick-meta":"","header-main-stick-meta":"","header-below-stick-meta":""},"uagb_featured_image_src":{"full":false,"thumbnail":false,"medium":false,"medium_large":false,"large":false,"1536x1536":false,"2048x2048":false,"320w":false,"480w":false,"800w":false},"uagb_author_info":{"display_name":"Nivel Secundario","author_link":"https:\/\/ilp.edu.ar\/index.php\/author\/nivel-secundario\/"},"uagb_comment_info":0,"uagb_excerpt":"INSTITUTO LUJ\u00c1N PORTE\u00d1O REGLAMENTOGENERAL DE BECAS INTRODUCCI\u00d3N \u201cEL INSTITUTO LUJ\u00c1N PORTE\u00d1O\u201d (A-461), es una instituci\u00f3n educacional religiosa de gesti\u00f3n privada perteneciente al Arzobispado de la Ciudad de Buenos Aires bajo la \u00f3rbita de la Vicar\u00eda Episcopal para la Pastoral de Educaci\u00f3n. En respuesta a su compromiso educacional otorga el beneficio de la beca de estudio,&hellip;","_links":{"self":[{"href":"https:\/\/ilp.edu.ar\/index.php\/wp-json\/wp\/v2\/pages\/1139"}],"collection":[{"href":"https:\/\/ilp.edu.ar\/index.php\/wp-json\/wp\/v2\/pages"}],"about":[{"href":"https:\/\/ilp.edu.ar\/index.php\/wp-json\/wp\/v2\/types\/page"}],"author":[{"embeddable":true,"href":"https:\/\/ilp.edu.ar\/index.php\/wp-json\/wp\/v2\/users\/2"}],"replies":[{"embeddable":true,"href":"https:\/\/ilp.edu.ar\/index.php\/wp-json\/wp\/v2\/comments?post=1139"}],"version-history":[{"count":48,"href":"https:\/\/ilp.edu.ar\/index.php\/wp-json\/wp\/v2\/pages\/1139\/revisions"}],"predecessor-version":[{"id":1293,"href":"https:\/\/ilp.edu.ar\/index.php\/wp-json\/wp\/v2\/pages\/1139\/revisions\/1293"}],"wp:attachment":[{"href":"https:\/\/ilp.edu.ar\/index.php\/wp-json\/wp\/v2\/media?parent=1139"}],"curies":[{"name":"wp","href":"https:\/\/api.w.org\/{rel}","templated":true}]}}