{"id":118,"date":"2023-03-07T21:24:46","date_gmt":"2023-03-07T21:24:46","guid":{"rendered":"https:\/\/ilp.edu.ar\/?page_id=118"},"modified":"2023-09-08T15:05:24","modified_gmt":"2023-09-08T15:05:24","slug":"proyecto-curricular","status":"publish","type":"page","link":"https:\/\/ilp.edu.ar\/index.php\/institucional\/proyecto-curricular\/","title":{"rendered":"Proyecto Curricular"},"content":{"rendered":"\t\t<div data-elementor-type=\"wp-page\" data-elementor-id=\"118\" class=\"elementor elementor-118\">\n\t\t\t\t\t\t\t\t\t<section class=\"elementor-section elementor-top-section elementor-element elementor-element-d8e359f elementor-section-boxed elementor-section-height-default elementor-section-height-default\" data-id=\"d8e359f\" data-element_type=\"section\">\n\t\t\t\t\t\t<div class=\"elementor-container elementor-column-gap-default\">\n\t\t\t\t\t<div class=\"elementor-column elementor-col-100 elementor-top-column elementor-element elementor-element-22914ea5\" data-id=\"22914ea5\" data-element_type=\"column\">\n\t\t\t<div class=\"elementor-widget-wrap elementor-element-populated\">\n\t\t\t\t\t\t\t\t<div class=\"elementor-element elementor-element-4ac6533c elementor-widget elementor-widget-text-editor\" data-id=\"4ac6533c\" data-element_type=\"widget\" data-widget_type=\"text-editor.default\">\n\t\t\t\t<div class=\"elementor-widget-container\">\n\t\t\t<style>\/*! elementor - v3.14.0 - 26-06-2023 *\/\n.elementor-widget-text-editor.elementor-drop-cap-view-stacked .elementor-drop-cap{background-color:#69727d;color:#fff}.elementor-widget-text-editor.elementor-drop-cap-view-framed .elementor-drop-cap{color:#69727d;border:3px solid;background-color:transparent}.elementor-widget-text-editor:not(.elementor-drop-cap-view-default) .elementor-drop-cap{margin-top:8px}.elementor-widget-text-editor:not(.elementor-drop-cap-view-default) .elementor-drop-cap-letter{width:1em;height:1em}.elementor-widget-text-editor .elementor-drop-cap{float:left;text-align:center;line-height:1;font-size:50px}.elementor-widget-text-editor .elementor-drop-cap-letter{display:inline-block}<\/style>\t\t\t\t<p>Estilo de ense\u00f1anza de acuerdo con la concepci\u00f3n de educaci\u00f3n explicitada asumimos como estilo pedag\u00f3gico, un modo de acci\u00f3n y de expresi\u00f3n educativa que promueve&nbsp;la b\u00fasqueda de la verdad y el sentido cr\u00edtico&nbsp;la libertad responsable y la participaci\u00f3n comprometida&nbsp;la constancia en el trabajo y el valor del esfuerzo.<br>Dicho estilo se concreta a partir de un seguimiento personalizado, seg\u00fan las singularidades propias de cada alumno, y de un acompa\u00f1amiento orientado a promover valores humanos y trascendentes.<br>Este seguimiento atiende el desarrollo arm\u00f3nico y progresivo de las capacidades del alumno, permite la elaboraci\u00f3n de un diagn\u00f3stico y, a partir de \u00e9l, la evaluaci\u00f3n de las capacidades b\u00e1sicas que son tenidas en cuenta para el logro de los objetivos promocionales.<br>Este Proyecto contempla, as\u00ed mismo, la consideraci\u00f3n de un programa pedag\u00f3gico de integraci\u00f3n para alumnos con necesidades educativas especiales, con la intenci\u00f3n de brindarles un espacio en el que puedan crear lazos, v\u00ednculos y saberes que los liguen a la trama educativa bajo la cobertura y el encuadre institucional.<br>Con el Proyecto Curricular como base, el docente acompa\u00f1a el proceso de desarrollo e incorporaci\u00f3n de conocimientos, habilidades, actitudes y valores socialmente aceptados. Posibilita, de esta manera, la estructuraci\u00f3n del conocimiento y la adquisici\u00f3n de aprendizajes grupales.<br>A partir de una planificaci\u00f3n sistem\u00e1tica se organizan los contenidos de acuerdo con la l\u00f3gica interna de cada disciplina, atendiendo intereses actuales de los alumnos y apuntando a la integraci\u00f3n de las distintas \u00e1reas de conocimiento. En respuesta a la necesidad de formar competencias en el campo de la educaci\u00f3n y la cultura tecnol\u00f3gica, el docente apuntar\u00e1 a la construcci\u00f3n de conocimientos tomando tambi\u00e9n este campo como eje transversal en el desarrollo de sus clases<br>Concepci\u00f3n de aprendizaje<br>El aprendizaje queda pautado seg\u00fan una concepci\u00f3n de objetivos integrados y articulados desde lo institucional a lo \u00e1ulico.<br>La propuesta metodol\u00f3gica y de actividades se apoya en el proceso de observaci\u00f3n, ejercitaci\u00f3n de contenidos y habilidades y elaboraci\u00f3n de generalizaciones. Se promueve la evaluaci\u00f3n permanente y la autoevaluaci\u00f3n constante tanto en el proceso como en sus logros.<br>El estilo de aprendizaje se basa en la construcci\u00f3n de saberes, la experiencia, la interiorizaci\u00f3n y la expresi\u00f3n. Desde la observaci\u00f3n, la puesta en pr\u00e1ctica y la participaci\u00f3n activa, se lleva a un proceso de reflexi\u00f3n, elaboraci\u00f3n-s\u00edntesis, finalmente traducido en la expresi\u00f3n de razonamientos, argumentos, procedimientos, habilidades y actitudes adquiridas. Subyace, por lo tanto, el enfoque que considera el aprendizaje significativo y sus implicancias: la indagaci\u00f3n de saberes previos, la participaci\u00f3n constante y la disposici\u00f3n favorable por parte del alumno.<br>Se trabajan como factores pertinentes: la motivaci\u00f3n, la confianza en s\u00ed mismo, los h\u00e1bitos y la capacidad de concentraci\u00f3n. Se busca desarrollar el razonamiento m\u00e1s que la memoria.<br>Se promueve la valorizaci\u00f3n del error como fuente constructiva de nuevos aprendizajes, el esfuerzo, la dedicaci\u00f3n y el compromiso personal.<br>Con la incorporaci\u00f3n de las tecnolog\u00edas digitales se promueve el descubrimiento de nuevos lenguajes, la indagaci\u00f3n y exploraci\u00f3n de entornos multimediales y la participaci\u00f3n en experiencias que favorezcan la autonom\u00eda de su uso.<br>Las categorizaciones de aprendizaje cooperativo y colaborativo se instrumentan libre y alternadamente en las distintas instancias de desarrollo del aprendizaje. <\/p>\t\t\t\t\t\t<\/div>\n\t\t\t\t<\/div>\n\t\t\t\t\t<\/div>\n\t\t<\/div>\n\t\t\t\t\t\t\t<\/div>\n\t\t<\/section>\n\t\t\t\t\t\t\t<\/div>\n\t\t","protected":false},"excerpt":{"rendered":"<p>Estilo de ense\u00f1anza de acuerdo con la concepci\u00f3n de educaci\u00f3n explicitada asumimos como estilo pedag\u00f3gico, un modo de acci\u00f3n y de expresi\u00f3n educativa que promueve&nbsp;la b\u00fasqueda de la verdad y el sentido cr\u00edtico&nbsp;la libertad responsable y la participaci\u00f3n comprometida&nbsp;la constancia en el trabajo y el valor del esfuerzo.Dicho estilo se concreta a partir de un &hellip;<\/p>\n<p class=\"read-more\"> <a class=\"\" href=\"https:\/\/ilp.edu.ar\/index.php\/institucional\/proyecto-curricular\/\"> <span class=\"screen-reader-text\">Proyecto Curricular<\/span> Leer m\u00e1s &raquo;<\/a><\/p>\n","protected":false},"author":1,"featured_media":0,"parent":114,"menu_order":0,"comment_status":"closed","ping_status":"closed","template":"","meta":{"_uag_custom_page_level_css":"","site-sidebar-layout":"default","site-content-layout":"default","ast-global-header-display":"","ast-banner-title-visibility":"","ast-main-header-display":"","ast-hfb-above-header-display":"","ast-hfb-below-header-display":"","ast-hfb-mobile-header-display":"","site-post-title":"","ast-breadcrumbs-content":"","ast-featured-img":"","footer-sml-layout":"","theme-transparent-header-meta":"default","adv-header-id-meta":"","stick-header-meta":"","header-above-stick-meta":"","header-main-stick-meta":"","header-below-stick-meta":""},"uagb_featured_image_src":{"full":false,"thumbnail":false,"medium":false,"medium_large":false,"large":false,"1536x1536":false,"2048x2048":false,"320w":false,"480w":false,"800w":false},"uagb_author_info":{"display_name":"ilpadmin","author_link":"https:\/\/ilp.edu.ar\/index.php\/author\/ilpadmin\/"},"uagb_comment_info":0,"uagb_excerpt":"Estilo de ense\u00f1anza de acuerdo con la concepci\u00f3n de educaci\u00f3n explicitada asumimos como estilo pedag\u00f3gico, un modo de acci\u00f3n y de expresi\u00f3n educativa que promueve&nbsp;la b\u00fasqueda de la verdad y el sentido cr\u00edtico&nbsp;la libertad responsable y la participaci\u00f3n comprometida&nbsp;la constancia en el trabajo y el valor del esfuerzo.Dicho estilo se concreta a partir de un&hellip;","_links":{"self":[{"href":"https:\/\/ilp.edu.ar\/index.php\/wp-json\/wp\/v2\/pages\/118"}],"collection":[{"href":"https:\/\/ilp.edu.ar\/index.php\/wp-json\/wp\/v2\/pages"}],"about":[{"href":"https:\/\/ilp.edu.ar\/index.php\/wp-json\/wp\/v2\/types\/page"}],"author":[{"embeddable":true,"href":"https:\/\/ilp.edu.ar\/index.php\/wp-json\/wp\/v2\/users\/1"}],"replies":[{"embeddable":true,"href":"https:\/\/ilp.edu.ar\/index.php\/wp-json\/wp\/v2\/comments?post=118"}],"version-history":[{"count":14,"href":"https:\/\/ilp.edu.ar\/index.php\/wp-json\/wp\/v2\/pages\/118\/revisions"}],"predecessor-version":[{"id":1207,"href":"https:\/\/ilp.edu.ar\/index.php\/wp-json\/wp\/v2\/pages\/118\/revisions\/1207"}],"up":[{"embeddable":true,"href":"https:\/\/ilp.edu.ar\/index.php\/wp-json\/wp\/v2\/pages\/114"}],"wp:attachment":[{"href":"https:\/\/ilp.edu.ar\/index.php\/wp-json\/wp\/v2\/media?parent=118"}],"curies":[{"name":"wp","href":"https:\/\/api.w.org\/{rel}","templated":true}]}}