{"id":1283,"date":"2023-10-31T17:04:55","date_gmt":"2023-10-31T17:04:55","guid":{"rendered":"https:\/\/ilp.edu.ar\/?page_id=1283"},"modified":"2023-10-31T17:04:55","modified_gmt":"2023-10-31T17:04:55","slug":"anexo-ii","status":"publish","type":"page","link":"https:\/\/ilp.edu.ar\/index.php\/anexo-ii\/","title":{"rendered":"ANEXO II"},"content":{"rendered":"<p>ANEXO II.- DE LA DOCUMENTACI\u00d3N. &#8211; (SIN LA PRESENTACI\u00d3N DE LA DOCUMENTACI\u00d3N ADJUNTA A ESTE DOCUMENTO Y SU CORRESPONDIENTE ENTREGA ANTES DEL 20 DE NOVIEMBRE 2023 EN SECRETAR\u00cdA DEL NIVEL NO SE DAR\u00c1 CURSO A LA SOLICITUD)<br \/>\nLos peticionantes (representantes legales de los estudiantes que concurren al Instituto), deben adjuntar los siguientes documentos:<br \/>\n1.-El \u00faltimo comprobante de sueldo o liquidaci\u00f3n recibida, de TODOS los miembros que aportan ingresos al hogar. En caso de recibir pensi\u00f3n, jubilaci\u00f3n, retenci\u00f3n judicial, pensi\u00f3n de alimentos, subsidio de cesant\u00eda, etc., debe acreditarlo con el \u00faltimo comprobante de pago.<br \/>\n2.-De ser trabajador independiente o no recibir liquidaci\u00f3n o comprobante de sueldo, debe presentar una constancia de ingresos, adem\u00e1s del pago de IVA y\/o monotributo.<br \/>\n3.- De haber otros integrantes del grupo familiar estudiando en el Instituto, debe acreditar el pago de la matr\u00edcula de todos.<br \/>\n4.-Acreditar la condici\u00f3n de uso del inmueble en el que reside el solicitante y el estudiante (si el inmueble es alquilado, una copia del respectivo contrato y\/o cualquier otro instrumento que sea \u00fatil a efectos de corroborar la situaci\u00f3n).<br \/>\nTipo de gasto\tTotal de egresos ($)\tAdjunta comprobante<br \/>\n\t\tSI\tNO<br \/>\nGas<br \/>\nAgua<br \/>\nElectricidad<br \/>\nTel\u00e9fono<br \/>\nInternet<br \/>\nCable<br \/>\nAlimentaci\u00f3n<br \/>\nImpuestos<br \/>\nSalud (incluye medicina prepaga)<br \/>\nEducaci\u00f3n<br \/>\nVi\u00e1ticos<br \/>\nOtros<br \/>\nSi tiene autom\u00f3vil:<br \/>\nMarca:<br \/>\nModelo:<br \/>\nGastos de patente<br \/>\nGastos de mantenimiento<br \/>\n5.- DATOS DE EGRESOS (GASTOS fijos y variables) MENSUALES FAMILIARES: (adjuntar fotocopias de boletas y recibos)<\/p>\n<p>Declaro que conozco lo establecido por el reglamento de becas (hoja 1 al 4) y que los datos suministrados en el anexo II (hoja 5) son verdaderos y est\u00e1n respaldados con la documentaci\u00f3n que se adjunta.<br \/>\nFecha_______________________________________________<br \/>\nFirma y Aclaraci\u00f3n: ____________________________________<br \/>\nTipo y N\u00famero de Documento: __________________________<\/p>\n","protected":false},"excerpt":{"rendered":"<p>ANEXO II.- DE LA DOCUMENTACI\u00d3N. &#8211; (SIN LA PRESENTACI\u00d3N DE LA DOCUMENTACI\u00d3N ADJUNTA A ESTE DOCUMENTO Y SU CORRESPONDIENTE ENTREGA ANTES DEL 20 DE NOVIEMBRE 2023 EN SECRETAR\u00cdA DEL NIVEL NO SE DAR\u00c1 CURSO A LA SOLICITUD) Los peticionantes (representantes legales de los estudiantes que concurren al Instituto), deben adjuntar los siguientes documentos: 1.-El \u00faltimo &hellip;<\/p>\n<p class=\"read-more\"> <a class=\"\" href=\"https:\/\/ilp.edu.ar\/index.php\/anexo-ii\/\"> <span class=\"screen-reader-text\">ANEXO II<\/span> Leer m\u00e1s &raquo;<\/a><\/p>\n","protected":false},"author":2,"featured_media":0,"parent":0,"menu_order":0,"comment_status":"closed","ping_status":"closed","template":"","meta":{"_uag_custom_page_level_css":"","site-sidebar-layout":"default","site-content-layout":"default","ast-global-header-display":"","ast-banner-title-visibility":"","ast-main-header-display":"","ast-hfb-above-header-display":"","ast-hfb-below-header-display":"","ast-hfb-mobile-header-display":"","site-post-title":"","ast-breadcrumbs-content":"","ast-featured-img":"","footer-sml-layout":"","theme-transparent-header-meta":"default","adv-header-id-meta":"","stick-header-meta":"","header-above-stick-meta":"","header-main-stick-meta":"","header-below-stick-meta":""},"uagb_featured_image_src":{"full":false,"thumbnail":false,"medium":false,"medium_large":false,"large":false,"1536x1536":false,"2048x2048":false,"320w":false,"480w":false,"800w":false},"uagb_author_info":{"display_name":"Nivel Secundario","author_link":"https:\/\/ilp.edu.ar\/index.php\/author\/nivel-secundario\/"},"uagb_comment_info":0,"uagb_excerpt":"ANEXO II.- DE LA DOCUMENTACI\u00d3N. &#8211; (SIN LA PRESENTACI\u00d3N DE LA DOCUMENTACI\u00d3N ADJUNTA A ESTE DOCUMENTO Y SU CORRESPONDIENTE ENTREGA ANTES DEL 20 DE NOVIEMBRE 2023 EN SECRETAR\u00cdA DEL NIVEL NO SE DAR\u00c1 CURSO A LA SOLICITUD) Los peticionantes (representantes legales de los estudiantes que concurren al Instituto), deben adjuntar los siguientes documentos: 1.-El \u00faltimo&hellip;","_links":{"self":[{"href":"https:\/\/ilp.edu.ar\/index.php\/wp-json\/wp\/v2\/pages\/1283"}],"collection":[{"href":"https:\/\/ilp.edu.ar\/index.php\/wp-json\/wp\/v2\/pages"}],"about":[{"href":"https:\/\/ilp.edu.ar\/index.php\/wp-json\/wp\/v2\/types\/page"}],"author":[{"embeddable":true,"href":"https:\/\/ilp.edu.ar\/index.php\/wp-json\/wp\/v2\/users\/2"}],"replies":[{"embeddable":true,"href":"https:\/\/ilp.edu.ar\/index.php\/wp-json\/wp\/v2\/comments?post=1283"}],"version-history":[{"count":1,"href":"https:\/\/ilp.edu.ar\/index.php\/wp-json\/wp\/v2\/pages\/1283\/revisions"}],"predecessor-version":[{"id":1287,"href":"https:\/\/ilp.edu.ar\/index.php\/wp-json\/wp\/v2\/pages\/1283\/revisions\/1287"}],"wp:attachment":[{"href":"https:\/\/ilp.edu.ar\/index.php\/wp-json\/wp\/v2\/media?parent=1283"}],"curies":[{"name":"wp","href":"https:\/\/api.w.org\/{rel}","templated":true}]}}