{"id":49,"date":"2023-03-07T13:34:09","date_gmt":"2023-03-07T13:34:09","guid":{"rendered":"https:\/\/ilp.edu.ar\/?page_id=49"},"modified":"2023-09-01T15:06:27","modified_gmt":"2023-09-01T15:06:27","slug":"historia","status":"publish","type":"page","link":"https:\/\/ilp.edu.ar\/index.php\/institucional\/historia\/","title":{"rendered":"Historia"},"content":{"rendered":"\t\t<div data-elementor-type=\"wp-page\" data-elementor-id=\"49\" class=\"elementor elementor-49\">\n\t\t\t\t\t\t\t\t\t<section class=\"elementor-section elementor-top-section elementor-element elementor-element-0730559 elementor-section-boxed elementor-section-height-default elementor-section-height-default\" data-id=\"0730559\" data-element_type=\"section\">\n\t\t\t\t\t\t<div class=\"elementor-container elementor-column-gap-default\">\n\t\t\t\t\t<div class=\"elementor-column elementor-col-100 elementor-top-column elementor-element elementor-element-f2d848a\" data-id=\"f2d848a\" data-element_type=\"column\">\n\t\t\t<div class=\"elementor-widget-wrap elementor-element-populated\">\n\t\t\t\t\t\t\t\t<div class=\"elementor-element elementor-element-6078cfb elementor-widget__width-initial elementor-widget elementor-widget-text-editor\" data-id=\"6078cfb\" data-element_type=\"widget\" data-widget_type=\"text-editor.default\">\n\t\t\t\t<div class=\"elementor-widget-container\">\n\t\t\t<style>\/*! elementor - v3.14.0 - 26-06-2023 *\/\n.elementor-widget-text-editor.elementor-drop-cap-view-stacked .elementor-drop-cap{background-color:#69727d;color:#fff}.elementor-widget-text-editor.elementor-drop-cap-view-framed .elementor-drop-cap{color:#69727d;border:3px solid;background-color:transparent}.elementor-widget-text-editor:not(.elementor-drop-cap-view-default) .elementor-drop-cap{margin-top:8px}.elementor-widget-text-editor:not(.elementor-drop-cap-view-default) .elementor-drop-cap-letter{width:1em;height:1em}.elementor-widget-text-editor .elementor-drop-cap{float:left;text-align:center;line-height:1;font-size:50px}.elementor-widget-text-editor .elementor-drop-cap-letter{display:inline-block}<\/style>\t\t\t\t<p>Nuestra Comunidad hunde sus ra\u00edces en el Milagro de Luj\u00e1n y tiene en su origen el sue\u00f1o de muchas familias del barrio. All\u00e1 por los a\u00f1os veinte del siglo pasado los pobladores del barrio eran en gran parte inmigrantes, que se encontraban con la dificultad de no tener ninguna parroquia cercana. As\u00ed, tras obtener la autorizaci\u00f3n del arzobispado, el 1\u00b0 de abril de 1927 cerraron trato con los propietarios de una casita ubicada en la calle Remedios 3345, entre Pergamino y Azul para levantar una capilla que llevar\u00eda el nombre de Nuestra Se\u00f1ora de Luj\u00e1n.<br>Mientras los vecinos del Oratorio sumaban esfuerzos para la edificaci\u00f3n de un templo, sucedi\u00f3 que la Municipalidad de la Ciudad de Buenos Aires decidi\u00f3 ensanchar la calle Corrientes, para ello era necesario demoler -entre otras edificaciones- el templo de San Nicol\u00e1s de Bari. Ante esa situaci\u00f3n su entonces cura p\u00e1rroco concibi\u00f3 la idea de levantar un Santuario en nuestra ciudad dedicado a la Virgen de Luj\u00e1n, con parte de las instalaciones que se ten\u00edan que desmontar sumadas a otros aportes.<\/p>\n<p>\nAs\u00ed fue como se unieron los esfuerzos de las comisiones de fieles del oratorio de la calle Remedios con la asociaci\u00f3n de feligreses de San Nicol\u00e1s. Los primeros fondos recaudados permitieron adquirir un terreno m\u00e1s adecuado para levantar el nuevo templo, en la avenida Francisco Bilbao entre Portela y Pergamino, su actual ubicaci\u00f3n. De com\u00fan acuerdo se determin\u00f3 que la nueva edificaci\u00f3n deber\u00eda reproducir en lo externo la l\u00ednea colonial del templo levantado en la Villa de Luj\u00e1n en 1763, luego remplazado por la actual Bas\u00edlica Nacional. En tanto que en lo interno deb\u00eda reflejar el estilo y la ornamentaci\u00f3n de San Nicol\u00e1s de Bari. En febrero de 1930 se traslad\u00f3 la sede de la parroquia, desde el oratorio de la calle Remedios hasta el templo en construcci\u00f3n. Mientras tanto, para incentivar a los fieles de San Nicol\u00e1s de Bari a colaborar, se hab\u00eda colocado all\u00ed una imagen de Nuestra Se\u00f1ora de Luj\u00e1n, a fin de que los feligreses depositaran sus aportes.<\/p><p><br><\/p>\n<p><br><\/p>\n<p><br><\/p>\n<p>\n El domingo 1\u00b0 de junio de ese mismo a\u00f1o, una solemne procesi\u00f3n parti\u00f3 all\u00ed, portando dicha imagen rumbo a su nuevo hogar. La imagen de la Virgen se coloc\u00f3 en un nicho de bronce, que era el mismo que hab\u00eda ocupado la imagen de la Pura y Limpia Concepci\u00f3n, en su primitivo templo del a\u00f1o 1763 en la Villa de Luj\u00e1n. La actual edificaci\u00f3n alberga las siguientes curiosidades: la reja de la ventana y el portal colonial a nuestra izquierda, parados nosotros frente a la parroquia, fueron tra\u00eddos de la demolici\u00f3n del primer templo levantado en la Villa de Luj\u00e1n en 1763. La imagen de la Virgen de Luj\u00e1n que est\u00e1 en la repisa del vest\u00edbulo izquierdo, es la que se veneraba en el oratorio de la calle Remedios. En tanto la imagen de Ntra. Sra. de Sumampa, es una r\u00e9plica de la de Ntra. Sra. de la Consolaci\u00f3n que viajaba en el otro \u201ccajoncito\u201d en 1630. Las ara\u00f1as y la l\u00e1mpara del Sagrario son parte del mobiliario tra\u00eddo de la demolici\u00f3n de San Nicol\u00e1s de Bari.<\/p>\n<p>\nCada etapa de la historia refleja el esfuerzo y el compromiso de hombres y mujeres buscando dar respuesta a las necesidades del barrio. As\u00ed, ante la ausencia de escuela de varones en la zona, se dio origen a la construcci\u00f3n del nivel primario del colegio parroquial, que tuvo su inauguraci\u00f3n solemne el 28 de marzo de 1960, con la presencia de altas autoridades del Arzobispado de la Ciudad de Buenos Aires. En 1997 se compr\u00f3 un terreno a la vuelta del templo, sobre la calle Pergamino y en \u00e9l se edific\u00f3 y en marzo del a\u00f1o 2000 se puso en funcionamiento el nivel secundario del colegio parroquial.<\/p>\n<p>\nLa construcci\u00f3n del templo, m\u00e1s tarde la del colegio, la creaci\u00f3n de un espacio de encuentro para los j\u00f3venes, la organizaci\u00f3n de la catequesis, la colaboraci\u00f3n con las familias m\u00e1s necesitadas, la visita a los geri\u00e1tricos, la religiosidad de las fiestas populares, la misi\u00f3n barrial; nos hablan de una comunidad que, atravesando tiempos propicios y otros menos favorables, busca hacer sentir la presencia de Nuestra Madre de Luj\u00e1n en el coraz\u00f3n del barrio. Actualmente, la parroquia comprende un radio delimitado por las avenidas Directorio, Lafuente, Au. 25 de Mayo, Mariano Acosta, y Lacarra. Barrio tranquilo y familiar, atravesado por el verde de los \u00e1rboles del boulevard Bilbao. Los clubes Am\u00e9rica del Sud, Pedro Echag\u00fce y Flores, junto con el parque Avellaneda y las cinco escuelas p\u00fablicas son expresi\u00f3n de su sello familiar. Sus calles resultaron, a los ojos de san Luis Orione, propicias para la fundaci\u00f3n de una casa de las Peque\u00f1as Hermanas Misioneras de la Caridad, convertida hoy en Casa Provincial. Ha sabido crecer, entre otras cosas, gracias al esfuerzo de sus comerciantes. El barrio hoy es casa de trece geri\u00e1tricos y un hogar de d\u00eda (Padre Mario). La Polic\u00eda Federal tiene asiento en el recinto de la Comisar\u00eda N\u00ba40. La Plaza de los Virreyes, ubicada en el l\u00edmite sur, como estaci\u00f3n de subte y premetro, es parte asimismo de la fisonom\u00eda barrial, como un lugar de paso masivo que nos recuerda que estamos en la gran ciudad.<\/p>\n<p>\nDesde el a\u00f1o 2014 se fueron realizando encuentros (pre-asamblea, asamblea, junta grande, encuentros de dirigentes, encuentros de catequistas, fiestas patronales 2016, visita pastoral, evaluaciones de la junta) que nos permitieron mirarnos y reconocernos, y de alguna manera ir trabajando nuestra identidad. Reunir las conclusiones de estos encuentros nos ayudar\u00e1 a desarrollar un an\u00e1lisis situacional actualizado. Pensar en nuestras fortalezas nos permite conocernos y valorarnos, desde lo signos m\u00e1s peque\u00f1os y silenciosos hasta los m\u00e1s evidentes; as\u00ed nos definimos como una comunidad festiva, con capacidad de celebrar, que busca el encuentro que nos hace crecer, que cuenta con el compromiso y la constancia de sus miembros; con capacidad y b\u00fasqueda de organizaci\u00f3n; un lugar de experiencia con Dios; una experiencia que invita a compartir y a anunciar.<br> Desde aqu\u00ed es necesario mirar tambi\u00e9n las debilidades que permitir\u00e1n orientar nuestras b\u00fasquedas.&nbsp;<\/p>\n<p>Cuando nos reunimos nos dimos cuenta que \u00e9ramos muchos m\u00e1s de los que pens\u00e1bamos, entonces descubrimos que no hab\u00eda una buena comunicaci\u00f3n entre los grupos, esto disminuye la posibilidad de orientar nuestras acciones, concentrar los esfuerzos, analizar y distribuir los recursos disponibles y necesarios. Tambi\u00e9n se dio lugar a otras conclusiones y cuestionamientos sobre la necesidad del paso entre los que est\u00e1n y los que deben continuar con la tarea: c\u00f3mo dar continuidad sin desplazar, c\u00f3mo lograr que todos se sientan parte; c\u00f3mo organizarnos de manera que las estructuras puedan recibir a todos; es decir, que realmente sea casa y escuela de comuni\u00f3n. Encontramos como oportunidades: la motivaci\u00f3n y la participaci\u00f3n de la comunidad, la participaci\u00f3n m\u00e1s activa de las Hermanas de Don Orione, la apertura de ciertos espacios de formaci\u00f3n, el inter\u00e9s por conformar y fortalecer algunos sectores de la comunidad. Simult\u00e1neamente, detectamos como posible amenaza: la imposibilidad de abrir los espacios y las estructuras parroquiales, de manera que esa rigidez no permita responder a las necesidades de la gente; que perdamos de vista el objetivo misionero de las actividades. En el \u00faltimo tiempo los espacios de encuentro y fiesta comunitaria, permitieron redescubrirnos como familia, motivarnos, formarnos, pensarnos, sentirnos acompa\u00f1ados en el camino; ser\u00e1 entonces un tiempo de desaf\u00edos\u2026 la misi\u00f3n nos espera.<\/p>\t\t\t\t\t\t<\/div>\n\t\t\t\t<\/div>\n\t\t\t\t\t<\/div>\n\t\t<\/div>\n\t\t\t\t\t\t\t<\/div>\n\t\t<\/section>\n\t\t\t\t<section class=\"elementor-section elementor-top-section elementor-element elementor-element-d7fd3d5 elementor-section-boxed elementor-section-height-default elementor-section-height-default\" data-id=\"d7fd3d5\" data-element_type=\"section\">\n\t\t\t\t\t\t<div class=\"elementor-container elementor-column-gap-default\">\n\t\t\t\t\t<div class=\"elementor-column elementor-col-100 elementor-top-column elementor-element elementor-element-6da9d64\" data-id=\"6da9d64\" data-element_type=\"column\">\n\t\t\t<div class=\"elementor-widget-wrap\">\n\t\t\t\t\t\t\t\t\t<\/div>\n\t\t<\/div>\n\t\t\t\t\t\t\t<\/div>\n\t\t<\/section>\n\t\t\t\t<section class=\"elementor-section elementor-top-section elementor-element elementor-element-9fdeed6 elementor-section-boxed elementor-section-height-default elementor-section-height-default\" data-id=\"9fdeed6\" data-element_type=\"section\">\n\t\t\t\t\t\t<div class=\"elementor-container elementor-column-gap-default\">\n\t\t\t\t\t<div class=\"elementor-column elementor-col-100 elementor-top-column elementor-element elementor-element-80ae807\" data-id=\"80ae807\" data-element_type=\"column\">\n\t\t\t<div class=\"elementor-widget-wrap\">\n\t\t\t\t\t\t\t\t\t<\/div>\n\t\t<\/div>\n\t\t\t\t\t\t\t<\/div>\n\t\t<\/section>\n\t\t\t\t\t\t\t<\/div>\n\t\t","protected":false},"excerpt":{"rendered":"<p>Nuestra Comunidad hunde sus ra\u00edces en el Milagro de Luj\u00e1n y tiene en su origen el sue\u00f1o de muchas familias del barrio. All\u00e1 por los a\u00f1os veinte del siglo pasado los pobladores del barrio eran en gran parte inmigrantes, que se encontraban con la dificultad de no tener ninguna parroquia cercana. As\u00ed, tras obtener la &hellip;<\/p>\n<p class=\"read-more\"> <a class=\"\" href=\"https:\/\/ilp.edu.ar\/index.php\/institucional\/historia\/\"> <span class=\"screen-reader-text\">Historia<\/span> Leer m\u00e1s &raquo;<\/a><\/p>\n","protected":false},"author":1,"featured_media":0,"parent":114,"menu_order":0,"comment_status":"closed","ping_status":"closed","template":"","meta":{"_uag_custom_page_level_css":"","site-sidebar-layout":"default","site-content-layout":"default","ast-global-header-display":"","ast-banner-title-visibility":"","ast-main-header-display":"","ast-hfb-above-header-display":"","ast-hfb-below-header-display":"","ast-hfb-mobile-header-display":"","site-post-title":"","ast-breadcrumbs-content":"","ast-featured-img":"","footer-sml-layout":"","theme-transparent-header-meta":"default","adv-header-id-meta":"","stick-header-meta":"","header-above-stick-meta":"","header-main-stick-meta":"","header-below-stick-meta":""},"uagb_featured_image_src":{"full":false,"thumbnail":false,"medium":false,"medium_large":false,"large":false,"1536x1536":false,"2048x2048":false,"320w":false,"480w":false,"800w":false},"uagb_author_info":{"display_name":"ilpadmin","author_link":"https:\/\/ilp.edu.ar\/index.php\/author\/ilpadmin\/"},"uagb_comment_info":0,"uagb_excerpt":"Nuestra Comunidad hunde sus ra\u00edces en el Milagro de Luj\u00e1n y tiene en su origen el sue\u00f1o de muchas familias del barrio. All\u00e1 por los a\u00f1os veinte del siglo pasado los pobladores del barrio eran en gran parte inmigrantes, que se encontraban con la dificultad de no tener ninguna parroquia cercana. As\u00ed, tras obtener la&hellip;","_links":{"self":[{"href":"https:\/\/ilp.edu.ar\/index.php\/wp-json\/wp\/v2\/pages\/49"}],"collection":[{"href":"https:\/\/ilp.edu.ar\/index.php\/wp-json\/wp\/v2\/pages"}],"about":[{"href":"https:\/\/ilp.edu.ar\/index.php\/wp-json\/wp\/v2\/types\/page"}],"author":[{"embeddable":true,"href":"https:\/\/ilp.edu.ar\/index.php\/wp-json\/wp\/v2\/users\/1"}],"replies":[{"embeddable":true,"href":"https:\/\/ilp.edu.ar\/index.php\/wp-json\/wp\/v2\/comments?post=49"}],"version-history":[{"count":27,"href":"https:\/\/ilp.edu.ar\/index.php\/wp-json\/wp\/v2\/pages\/49\/revisions"}],"predecessor-version":[{"id":1128,"href":"https:\/\/ilp.edu.ar\/index.php\/wp-json\/wp\/v2\/pages\/49\/revisions\/1128"}],"up":[{"embeddable":true,"href":"https:\/\/ilp.edu.ar\/index.php\/wp-json\/wp\/v2\/pages\/114"}],"wp:attachment":[{"href":"https:\/\/ilp.edu.ar\/index.php\/wp-json\/wp\/v2\/media?parent=49"}],"curies":[{"name":"wp","href":"https:\/\/api.w.org\/{rel}","templated":true}]}}