{"id":50,"date":"2023-03-07T13:34:09","date_gmt":"2023-03-07T13:34:09","guid":{"rendered":"https:\/\/ilp.edu.ar\/?page_id=50"},"modified":"2023-05-23T01:28:33","modified_gmt":"2023-05-23T01:28:33","slug":"contacto","status":"publish","type":"page","link":"https:\/\/ilp.edu.ar\/index.php\/contacto\/","title":{"rendered":"Ubicaci\u00f3n y Contactos"},"content":{"rendered":"\t\t<div data-elementor-type=\"wp-page\" data-elementor-id=\"50\" class=\"elementor elementor-50\">\n\t\t\t\t\t\t\t\t\t<section class=\"elementor-section elementor-top-section elementor-element elementor-element-3253bb28 elementor-section-boxed elementor-section-height-default elementor-section-height-default\" data-id=\"3253bb28\" data-element_type=\"section\">\n\t\t\t\t\t\t<div class=\"elementor-container elementor-column-gap-default\">\n\t\t\t\t\t<div class=\"elementor-column elementor-col-100 elementor-top-column elementor-element elementor-element-169e4980\" data-id=\"169e4980\" data-element_type=\"column\">\n\t\t\t<div class=\"elementor-widget-wrap elementor-element-populated\">\n\t\t\t\t\t\t\t\t<div class=\"elementor-element elementor-element-9398a00 elementor-widget elementor-widget-heading\" data-id=\"9398a00\" data-element_type=\"widget\" data-widget_type=\"heading.default\">\n\t\t\t\t<div class=\"elementor-widget-container\">\n\t\t\t<style>\/*! elementor - v3.14.0 - 26-06-2023 *\/\n.elementor-heading-title{padding:0;margin:0;line-height:1}.elementor-widget-heading .elementor-heading-title[class*=elementor-size-]>a{color:inherit;font-size:inherit;line-height:inherit}.elementor-widget-heading .elementor-heading-title.elementor-size-small{font-size:15px}.elementor-widget-heading .elementor-heading-title.elementor-size-medium{font-size:19px}.elementor-widget-heading .elementor-heading-title.elementor-size-large{font-size:29px}.elementor-widget-heading .elementor-heading-title.elementor-size-xl{font-size:39px}.elementor-widget-heading .elementor-heading-title.elementor-size-xxl{font-size:59px}<\/style><h2 class=\"elementor-heading-title elementor-size-default\">INICIAL Y PRIMARIO<\/h2>\t\t<\/div>\n\t\t\t\t<\/div>\n\t\t\t\t<div class=\"elementor-element elementor-element-bf76141 elementor-widget elementor-widget-google_maps\" data-id=\"bf76141\" data-element_type=\"widget\" data-widget_type=\"google_maps.default\">\n\t\t\t\t<div class=\"elementor-widget-container\">\n\t\t\t<style>\/*! elementor - v3.14.0 - 26-06-2023 *\/\n.elementor-widget-google_maps .elementor-widget-container{overflow:hidden}.elementor-widget-google_maps .elementor-custom-embed{line-height:0}.elementor-widget-google_maps iframe{height:300px}<\/style>\t\t<div class=\"elementor-custom-embed\">\n\t\t\t<iframe loading=\"lazy\"\n\t\t\t\t\tsrc=\"https:\/\/maps.google.com\/maps?q=Avenida%20Francisco%20Bilbao%203476%20CABA%20Argentina&#038;t=m&#038;z=16&#038;output=embed&#038;iwloc=near\"\n\t\t\t\t\ttitle=\"Avenida Francisco Bilbao 3476 CABA Argentina\"\n\t\t\t\t\taria-label=\"Avenida Francisco Bilbao 3476 CABA Argentina\"\n\t\t\t><\/iframe>\n\t\t<\/div>\n\t\t\t\t<\/div>\n\t\t\t\t<\/div>\n\t\t\t\t<div class=\"elementor-element elementor-element-1edb141 elementor-widget elementor-widget-heading\" data-id=\"1edb141\" data-element_type=\"widget\" data-widget_type=\"heading.default\">\n\t\t\t\t<div class=\"elementor-widget-container\">\n\t\t\t<h2 class=\"elementor-heading-title elementor-size-default\">SECUNDARIO<\/h2>\t\t<\/div>\n\t\t\t\t<\/div>\n\t\t\t\t<div class=\"elementor-element elementor-element-c4fbb4a elementor-widget elementor-widget-google_maps\" data-id=\"c4fbb4a\" data-element_type=\"widget\" data-widget_type=\"google_maps.default\">\n\t\t\t\t<div class=\"elementor-widget-container\">\n\t\t\t\t\t<div class=\"elementor-custom-embed\">\n\t\t\t<iframe loading=\"lazy\"\n\t\t\t\t\tsrc=\"https:\/\/maps.google.com\/maps?q=Pergamino%20928%2C%20CABA%20Argentina&#038;t=m&#038;z=16&#038;output=embed&#038;iwloc=near\"\n\t\t\t\t\ttitle=\"Pergamino 928, CABA Argentina\"\n\t\t\t\t\taria-label=\"Pergamino 928, CABA Argentina\"\n\t\t\t><\/iframe>\n\t\t<\/div>\n\t\t\t\t<\/div>\n\t\t\t\t<\/div>\n\t\t\t\t<div class=\"elementor-element elementor-element-724569b2 elementor-widget elementor-widget-text-editor\" data-id=\"724569b2\" data-element_type=\"widget\" data-widget_type=\"text-editor.default\">\n\t\t\t\t<div class=\"elementor-widget-container\">\n\t\t\t<style>\/*! elementor - v3.14.0 - 26-06-2023 *\/\n.elementor-widget-text-editor.elementor-drop-cap-view-stacked .elementor-drop-cap{background-color:#69727d;color:#fff}.elementor-widget-text-editor.elementor-drop-cap-view-framed .elementor-drop-cap{color:#69727d;border:3px solid;background-color:transparent}.elementor-widget-text-editor:not(.elementor-drop-cap-view-default) .elementor-drop-cap{margin-top:8px}.elementor-widget-text-editor:not(.elementor-drop-cap-view-default) .elementor-drop-cap-letter{width:1em;height:1em}.elementor-widget-text-editor .elementor-drop-cap{float:left;text-align:center;line-height:1;font-size:50px}.elementor-widget-text-editor .elementor-drop-cap-letter{display:inline-block}<\/style>\t\t\t\t<\/p>\n<div class=\"vce-row-container\" data-vce-boxed-width=\"true\">\n<div class=\"vce-row vce-row--col-gap-30 vce-row-equal-height vce-row-content--top\" id=\"el-686b81af\" data-vce-do-apply=\"all el-686b81af\">\n<div class=\"vce-row-content\" data-vce-element-content=\"true\"><p><\/p>\n<div class=\"vce-col vce-col--md-auto vce-col--xs-1 vce-col--xs-last vce-col--xs-first vce-col--sm-last vce-col--sm-first vce-col--md-last vce-col--lg-last vce-col--xl-last vce-col--md-first vce-col--lg-first vce-col--xl-first\" id=\"el-99572cc2\">\n<div class=\"vce-col-inner\" data-vce-do-apply=\"border margin background el-99572cc2\">\n<div class=\"vce-col-content\" data-vce-element-content=\"true\" data-vce-do-apply=\"padding el-99572cc2\"><p><\/p>\n<div class=\"vce-text-block\">\n<div class=\"vce-text-block-wrapper vce\" id=\"el-2e038b8f\" data-vce-do-apply=\"all el-2e038b8f\">\n<p><span style=\"color: #0000ff;\"><em>Inquietudes o consultas: env\u00ede un correo electr\u00f3nico a la direcci\u00f3n correspondiente al Nivel<\/em><\/span><\/p>\n<p><strong><img decoding=\"async\" draggable=\"false\" role=\"img\" class=\"emoji\" alt=\"\u2709\" src=\"https:\/\/s.w.org\/images\/core\/emoji\/14.0.0\/svg\/2709.svg\"> Nivel Inicial:<\/strong> <a href=\"mailto:nivelinicial@ilp.edu.ar\">nivelinicial@ilp.edu.ar<\/a><\/p>\n<p><strong><img decoding=\"async\" draggable=\"false\" role=\"img\" class=\"emoji\" alt=\"\u2709\" src=\"https:\/\/s.w.org\/images\/core\/emoji\/14.0.0\/svg\/2709.svg\"> Nivel Primario:<\/strong> <a href=\"mailto:nivelprimario@ilp.edu.ar\">nivelprimario@ilp.edu.ar<\/a><\/p>\n<p><strong><img decoding=\"async\" draggable=\"false\" role=\"img\" class=\"emoji\" alt=\"\u2709\" src=\"https:\/\/s.w.org\/images\/core\/emoji\/14.0.0\/svg\/2709.svg\"> Nivel Secundario: <\/strong><a href=\"mailto:convivencia.nivelmedio@ilp.edu.ar\">convivencia.nivelmedio@ilp.edu.ar&nbsp;<\/a><br><br><\/p><p><img decoding=\"async\" draggable=\"false\" role=\"img\" class=\"emoji\" alt=\"\u2709\" src=\"https:\/\/s.w.org\/images\/core\/emoji\/14.0.0\/svg\/2709.svg\" style=\"font-style: inherit; font-weight: inherit; color: var( --e-global-color-text ); font-family: var( --e-global-typography-text-font-family ), Sans-serif;\"><span style=\"font-style: inherit; font-weight: inherit; color: var( --e-global-color-text ); font-family: var( --e-global-typography-text-font-family ), Sans-serif; background-color: var(--ast-global-color-5);\"> <\/span><strong style=\"font-style: inherit; color: var( --e-global-color-text ); font-family: var( --e-global-typography-text-font-family ), Sans-serif; background-color: var(--ast-global-color-5);\">Curriculums:<\/strong><span style=\"font-style: inherit; font-weight: inherit; color: var( --e-global-color-text ); font-family: var( --e-global-typography-text-font-family ), Sans-serif; background-color: var(--ast-global-color-5);\"> <\/span><a href=\"mailto:cvnivelmedio@ilp.edu.ar\" style=\"font-style: inherit; font-weight: inherit; font-family: var( --e-global-typography-text-font-family ), Sans-serif;\">cvnivelmedio@ilp.edu.ar<\/a><\/p>\n<\/div>\n<\/div>\n<p><\/p><\/div>\n<\/div>\n<\/div>\n<p><\/p><\/div>\n<\/div>\n<\/div>\n<p>\t\t\t\t\t\t<\/div>\n\t\t\t\t<\/div>\n\t\t\t\t\t<\/div>\n\t\t<\/div>\n\t\t\t\t\t\t\t<\/div>\n\t\t<\/section>\n\t\t\t\t<section class=\"elementor-section elementor-top-section elementor-element elementor-element-f8cf01d elementor-section-boxed elementor-section-height-default elementor-section-height-default\" data-id=\"f8cf01d\" data-element_type=\"section\">\n\t\t\t\t\t\t<div class=\"elementor-container elementor-column-gap-default\">\n\t\t\t\t\t<div class=\"elementor-column elementor-col-100 elementor-top-column elementor-element elementor-element-50de3d8\" data-id=\"50de3d8\" data-element_type=\"column\">\n\t\t\t<div class=\"elementor-widget-wrap\">\n\t\t\t\t\t\t\t\t\t<\/div>\n\t\t<\/div>\n\t\t\t\t\t\t\t<\/div>\n\t\t<\/section>\n\t\t\t\t\t\t\t<\/div>\n\t\t","protected":false},"excerpt":{"rendered":"<p>INICIAL Y PRIMARIO SECUNDARIO Inquietudes o consultas: env\u00ede un correo electr\u00f3nico a la direcci\u00f3n correspondiente al Nivel Nivel Inicial: nivelinicial@ilp.edu.ar Nivel Primario: nivelprimario@ilp.edu.ar Nivel Secundario: convivencia.nivelmedio@ilp.edu.ar&nbsp; Curriculums: cvnivelmedio@ilp.edu.ar<\/p>\n","protected":false},"author":1,"featured_media":0,"parent":0,"menu_order":0,"comment_status":"closed","ping_status":"closed","template":"","meta":{"_uag_custom_page_level_css":"","site-sidebar-layout":"default","site-content-layout":"default","ast-global-header-display":"","ast-banner-title-visibility":"","ast-main-header-display":"","ast-hfb-above-header-display":"","ast-hfb-below-header-display":"","ast-hfb-mobile-header-display":"","site-post-title":"","ast-breadcrumbs-content":"","ast-featured-img":"","footer-sml-layout":"","theme-transparent-header-meta":"default","adv-header-id-meta":"","stick-header-meta":"","header-above-stick-meta":"","header-main-stick-meta":"","header-below-stick-meta":""},"uagb_featured_image_src":{"full":false,"thumbnail":false,"medium":false,"medium_large":false,"large":false,"1536x1536":false,"2048x2048":false,"320w":false,"480w":false,"800w":false},"uagb_author_info":{"display_name":"ilpadmin","author_link":"https:\/\/ilp.edu.ar\/index.php\/author\/ilpadmin\/"},"uagb_comment_info":0,"uagb_excerpt":"INICIAL Y PRIMARIO SECUNDARIO Inquietudes o consultas: env\u00ede un correo electr\u00f3nico a la direcci\u00f3n correspondiente al Nivel Nivel Inicial: nivelinicial@ilp.edu.ar Nivel Primario: nivelprimario@ilp.edu.ar Nivel Secundario: convivencia.nivelmedio@ilp.edu.ar&nbsp; Curriculums: cvnivelmedio@ilp.edu.ar","_links":{"self":[{"href":"https:\/\/ilp.edu.ar\/index.php\/wp-json\/wp\/v2\/pages\/50"}],"collection":[{"href":"https:\/\/ilp.edu.ar\/index.php\/wp-json\/wp\/v2\/pages"}],"about":[{"href":"https:\/\/ilp.edu.ar\/index.php\/wp-json\/wp\/v2\/types\/page"}],"author":[{"embeddable":true,"href":"https:\/\/ilp.edu.ar\/index.php\/wp-json\/wp\/v2\/users\/1"}],"replies":[{"embeddable":true,"href":"https:\/\/ilp.edu.ar\/index.php\/wp-json\/wp\/v2\/comments?post=50"}],"version-history":[{"count":18,"href":"https:\/\/ilp.edu.ar\/index.php\/wp-json\/wp\/v2\/pages\/50\/revisions"}],"predecessor-version":[{"id":656,"href":"https:\/\/ilp.edu.ar\/index.php\/wp-json\/wp\/v2\/pages\/50\/revisions\/656"}],"wp:attachment":[{"href":"https:\/\/ilp.edu.ar\/index.php\/wp-json\/wp\/v2\/media?parent=50"}],"curies":[{"name":"wp","href":"https:\/\/api.w.org\/{rel}","templated":true}]}}