{"id":556,"date":"2023-05-22T22:01:21","date_gmt":"2023-05-22T22:01:21","guid":{"rendered":"https:\/\/ilp.edu.ar\/?page_id=556"},"modified":"2025-07-04T13:35:40","modified_gmt":"2025-07-04T13:35:40","slug":"campanas-y-eventos","status":"publish","type":"page","link":"https:\/\/ilp.edu.ar\/index.php\/activities\/secundario\/actividad-pastoral\/campanas-y-eventos\/","title":{"rendered":"Campa\u00f1as y Eventos"},"content":{"rendered":"\t\t<div data-elementor-type=\"wp-page\" data-elementor-id=\"556\" class=\"elementor elementor-556\">\n\t\t\t\t\t\t\t\t\t<section class=\"elementor-section elementor-top-section elementor-element elementor-element-7227982 elementor-section-boxed elementor-section-height-default elementor-section-height-default\" data-id=\"7227982\" data-element_type=\"section\">\n\t\t\t\t\t\t<div class=\"elementor-container elementor-column-gap-default\">\n\t\t\t\t\t<div class=\"elementor-column elementor-col-100 elementor-top-column elementor-element elementor-element-27c90ca\" data-id=\"27c90ca\" data-element_type=\"column\">\n\t\t\t<div class=\"elementor-widget-wrap elementor-element-populated\">\n\t\t\t\t\t\t\t\t<div class=\"elementor-element elementor-element-1f6f902 elementor-widget elementor-widget-text-editor\" data-id=\"1f6f902\" data-element_type=\"widget\" data-widget_type=\"text-editor.default\">\n\t\t\t\t<div class=\"elementor-widget-container\">\n\t\t\t<style>\/*! elementor - v3.14.0 - 26-06-2023 *\/\n.elementor-widget-text-editor.elementor-drop-cap-view-stacked .elementor-drop-cap{background-color:#69727d;color:#fff}.elementor-widget-text-editor.elementor-drop-cap-view-framed .elementor-drop-cap{color:#69727d;border:3px solid;background-color:transparent}.elementor-widget-text-editor:not(.elementor-drop-cap-view-default) .elementor-drop-cap{margin-top:8px}.elementor-widget-text-editor:not(.elementor-drop-cap-view-default) .elementor-drop-cap-letter{width:1em;height:1em}.elementor-widget-text-editor .elementor-drop-cap{float:left;text-align:center;line-height:1;font-size:50px}.elementor-widget-text-editor .elementor-drop-cap-letter{display:inline-block}<\/style>\t\t\t\t<p>Eventos y campa\u00f1as<\/p>\t\t\t\t\t\t<\/div>\n\t\t\t\t<\/div>\n\t\t\t\t\t<\/div>\n\t\t<\/div>\n\t\t\t\t\t\t\t<\/div>\n\t\t<\/section>\n\t\t\t\t<section class=\"elementor-section elementor-top-section elementor-element elementor-element-bf305ff elementor-section-boxed elementor-section-height-default elementor-section-height-default\" data-id=\"bf305ff\" data-element_type=\"section\">\n\t\t\t\t\t\t<div class=\"elementor-container elementor-column-gap-default\">\n\t\t\t\t\t<div class=\"elementor-column elementor-col-100 elementor-top-column elementor-element elementor-element-c6e79b1\" data-id=\"c6e79b1\" data-element_type=\"column\">\n\t\t\t<div class=\"elementor-widget-wrap elementor-element-populated\">\n\t\t\t\t\t\t\t\t<div class=\"elementor-element elementor-element-8604e13 elementor-widget elementor-widget-text-editor\" data-id=\"8604e13\" data-element_type=\"widget\" data-widget_type=\"text-editor.default\">\n\t\t\t\t<div class=\"elementor-widget-container\">\n\t\t\t\t\t\t\t<p>En el Instituto Luj\u00e1n Porte\u00f1o concebimos la Escuela Secundaria como una estructura pedag\u00f3gica fuertemente articulada que se basa naturalmente en las caracter\u00edsticas del ciclo vital en el que se desarrollan los alumnos.<\/p><p>&nbsp;Una forma de desarrollar el v\u00ednculo entre los directivos y alumnos es mediante nuestros eventos-campa\u00f1as. Como cen\u00e1culos, convivencias, campamentos, participaci\u00f3n en c\u00e1ritas, fiestas comunitarias de la parroquia, fogones, entre otras. Estas se realizan en distintos momentos del a\u00f1o.<\/p>\t\t\t\t\t\t<\/div>\n\t\t\t\t<\/div>\n\t\t\t\t\t<\/div>\n\t\t<\/div>\n\t\t\t\t\t\t\t<\/div>\n\t\t<\/section>\n\t\t\t\t<section class=\"elementor-section elementor-top-section elementor-element elementor-element-7679f13 elementor-section-boxed elementor-section-height-default elementor-section-height-default\" data-id=\"7679f13\" data-element_type=\"section\">\n\t\t\t\t\t\t<div class=\"elementor-container elementor-column-gap-default\">\n\t\t\t\t\t<div class=\"elementor-column elementor-col-100 elementor-top-column elementor-element elementor-element-9cb7aa5\" data-id=\"9cb7aa5\" data-element_type=\"column\">\n\t\t\t<div class=\"elementor-widget-wrap elementor-element-populated\">\n\t\t\t\t\t\t\t\t<div class=\"elementor-element elementor-element-53e9556 elementor-widget elementor-widget-text-editor\" data-id=\"53e9556\" data-element_type=\"widget\" data-widget_type=\"text-editor.default\">\n\t\t\t\t<div class=\"elementor-widget-container\">\n\t\t\t\t\t\t\t<p>Campamento Tandil 2024<\/p>\t\t\t\t\t\t<\/div>\n\t\t\t\t<\/div>\n\t\t\t\t\t<\/div>\n\t\t<\/div>\n\t\t\t\t\t\t\t<\/div>\n\t\t<\/section>\n\t\t\t\t<section class=\"elementor-section elementor-top-section elementor-element elementor-element-153ddaf elementor-section-boxed elementor-section-height-default elementor-section-height-default\" data-id=\"153ddaf\" data-element_type=\"section\">\n\t\t\t\t\t\t<div class=\"elementor-container elementor-column-gap-default\">\n\t\t\t\t\t<div class=\"elementor-column elementor-col-100 elementor-top-column elementor-element elementor-element-7ed151a\" data-id=\"7ed151a\" data-element_type=\"column\">\n\t\t\t<div class=\"elementor-widget-wrap\">\n\t\t\t\t\t\t\t\t\t<\/div>\n\t\t<\/div>\n\t\t\t\t\t\t\t<\/div>\n\t\t<\/section>\n\t\t\t\t<section class=\"elementor-section elementor-top-section elementor-element elementor-element-bab6d1a elementor-section-boxed elementor-section-height-default elementor-section-height-default\" data-id=\"bab6d1a\" data-element_type=\"section\">\n\t\t\t\t\t\t<div class=\"elementor-container elementor-column-gap-default\">\n\t\t\t\t\t<div class=\"elementor-column elementor-col-100 elementor-top-column elementor-element elementor-element-2e24212\" data-id=\"2e24212\" data-element_type=\"column\">\n\t\t\t<div class=\"elementor-widget-wrap elementor-element-populated\">\n\t\t\t\t\t\t\t\t<div class=\"elementor-element elementor-element-76fce56 elementor-skin-carousel elementor-arrows-yes elementor-pagination-type-bullets elementor-pagination-position-outside elementor-widget elementor-widget-media-carousel\" data-id=\"76fce56\" data-element_type=\"widget\" data-settings=\"{&quot;skin&quot;:&quot;carousel&quot;,&quot;effect&quot;:&quot;slide&quot;,&quot;show_arrows&quot;:&quot;yes&quot;,&quot;pagination&quot;:&quot;bullets&quot;,&quot;speed&quot;:500,&quot;autoplay&quot;:&quot;yes&quot;,&quot;autoplay_speed&quot;:5000,&quot;loop&quot;:&quot;yes&quot;,&quot;pause_on_hover&quot;:&quot;yes&quot;,&quot;pause_on_interaction&quot;:&quot;yes&quot;,&quot;space_between&quot;:{&quot;unit&quot;:&quot;px&quot;,&quot;size&quot;:10,&quot;sizes&quot;:[]},&quot;space_between_tablet&quot;:{&quot;unit&quot;:&quot;px&quot;,&quot;size&quot;:10,&quot;sizes&quot;:[]},&quot;space_between_mobile&quot;:{&quot;unit&quot;:&quot;px&quot;,&quot;size&quot;:10,&quot;sizes&quot;:[]}}\" data-widget_type=\"media-carousel.default\">\n\t\t\t\t<div class=\"elementor-widget-container\">\n\t\t\t<link rel=\"stylesheet\" href=\"https:\/\/ilp.edu.ar\/wp-content\/plugins\/pro-elements\/assets\/css\/widget-carousel.min.css\">\t\t<div class=\"elementor-swiper\">\n\t\t\t<div class=\"elementor-main-swiper swiper\">\n\t\t\t\t<div class=\"swiper-wrapper\">\n\t\t\t\t\t\t\t\t\t\t\t<div class=\"swiper-slide\">\n\t\t\t\t\t\t\t<a href=\"https:\/\/ilp.edu.ar\/wp-content\/uploads\/2023\/09\/entrevista-1.mp4\" data-elementor-open-lightbox=\"yes\" data-elementor-lightbox-slideshow=\"76fce56\" data-elementor-lightbox-title=\"entrevista 1\" data-e-action-hash=\"#elementor-action%3Aaction%3Dlightbox%26settings%3DeyJpZCI6MTIzNCwidXJsIjoiaHR0cHM6XC9cL2lscC5lZHUuYXJcL3dwLWNvbnRlbnRcL3VwbG9hZHNcLzIwMjNcLzA5XC9lbnRyZXZpc3RhLTEubXA0Iiwic2xpZGVzaG93IjoiNzZmY2U1NiJ9\" data-elementor-lightbox-video=\"\">\t\t<div class=\"elementor-carousel-image\" style=\"background-image: url(&#039;https:\/\/ilp.edu.ar\/wp-content\/uploads\/2023\/09\/entrevista-1.mp4&#039;)\">\n\n\t\t\t\n\t\t\t\t\t\t\t<div class=\"elementor-custom-embed-play\">\n\t\t\t\t\t<i aria-hidden=\"true\" class=\"eicon-play\"><\/i>\t\t\t\t\t<span class=\"elementor-screen-only\">Play<\/span>\n\t\t\t\t<\/div>\n\t\t\t\t\t<\/div>\n\t\t<\/a>\t\t\t\t\t\t<\/div>\n\t\t\t\t\t\t\t\t\t\t\t<div class=\"swiper-slide\">\n\t\t\t\t\t\t\t\t\t<div class=\"elementor-carousel-image\" style=\"background-image: url(&#039;https:\/\/ilp.edu.ar\/wp-content\/uploads\/2024\/11\/WhatsApp-Video-2024-11-19-at-09.51.17.mp4&#039;)\">\n\n\t\t\t\n\t\t\t\t\t<\/div>\n\t\t\t\t\t\t\t\t<\/div>\n\t\t\t\t\t\t\t\t\t<\/div>\n\t\t\t\t\t\t\t\t\t\t\t\t\t\t\t<div class=\"swiper-pagination\"><\/div>\n\t\t\t\t\t\t\t\t\t\t\t\t\t\t\t\t<div class=\"elementor-swiper-button elementor-swiper-button-prev\">\n\t\t\t\t\t\t\t<i aria-hidden=\"true\" class=\"eicon-chevron-left\"><\/i>\t\t\t\t\t\t\t<span class=\"elementor-screen-only\">Previous<\/span>\n\t\t\t\t\t\t<\/div>\n\t\t\t\t\t\t<div class=\"elementor-swiper-button elementor-swiper-button-next\">\n\t\t\t\t\t\t\t<i aria-hidden=\"true\" class=\"eicon-chevron-right\"><\/i>\t\t\t\t\t\t\t<span class=\"elementor-screen-only\">Next<\/span>\n\t\t\t\t\t\t<\/div>\n\t\t\t\t\t\t\t\t\t\t\t\t<\/div>\n\t\t<\/div>\n\t\t\t\t<\/div>\n\t\t\t\t<\/div>\n\t\t\t\t<div class=\"elementor-element elementor-element-5317120 elementor-arrows-position-inside elementor-pagination-position-outside elementor-widget elementor-widget-image-carousel\" data-id=\"5317120\" data-element_type=\"widget\" data-settings=\"{&quot;slides_to_show&quot;:&quot;1&quot;,&quot;navigation&quot;:&quot;both&quot;,&quot;autoplay&quot;:&quot;yes&quot;,&quot;pause_on_hover&quot;:&quot;yes&quot;,&quot;pause_on_interaction&quot;:&quot;yes&quot;,&quot;autoplay_speed&quot;:5000,&quot;infinite&quot;:&quot;yes&quot;,&quot;effect&quot;:&quot;slide&quot;,&quot;speed&quot;:500}\" data-widget_type=\"image-carousel.default\">\n\t\t\t\t<div class=\"elementor-widget-container\">\n\t\t\t<style>\/*! elementor - v3.14.0 - 26-06-2023 *\/\n.elementor-widget-image-carousel .swiper,.elementor-widget-image-carousel .swiper-container{position:static}.elementor-widget-image-carousel .swiper-container .swiper-slide figure,.elementor-widget-image-carousel .swiper .swiper-slide figure{line-height:inherit}.elementor-widget-image-carousel .swiper-slide{text-align:center}.elementor-image-carousel-wrapper:not(.swiper-container-initialized):not(.swiper-initialized) .swiper-slide{max-width:calc(100% \/ var(--e-image-carousel-slides-to-show, 3))}<\/style>\t\t<div class=\"elementor-image-carousel-wrapper swiper\" dir=\"ltr\">\n\t\t\t<div class=\"elementor-image-carousel swiper-wrapper\" aria-live=\"off\">\n\t\t\t\t\t\t\t\t<div class=\"swiper-slide\" role=\"group\" aria-roledescription=\"slide\" aria-label=\"1 de 22\"><figure class=\"swiper-slide-inner\"><img decoding=\"async\" class=\"swiper-slide-image\" src=\"https:\/\/ilp.edu.ar\/wp-content\/uploads\/elementor\/thumbs\/WhatsApp-Image-2024-11-18-at-12.37.36-qxe5pmof9bkni7zexejxy26btqdpfgtvw8an1gi3h0.jpeg\" alt=\"WhatsApp Image 2024-11-18 at 12.37.36\" \/><\/figure><\/div><div class=\"swiper-slide\" role=\"group\" aria-roledescription=\"slide\" aria-label=\"2 de 22\"><figure class=\"swiper-slide-inner\"><img decoding=\"async\" class=\"swiper-slide-image\" src=\"https:\/\/ilp.edu.ar\/wp-content\/uploads\/elementor\/thumbs\/WhatsApp-Image-2024-11-18-at-12.37.37-qxe5pphxttoih1vbgxrtnjgplvzt2k52wm93hadwyc.jpeg\" alt=\"WhatsApp Image 2024-11-18 at 12.37.37\" \/><\/figure><\/div><div class=\"swiper-slide\" role=\"group\" aria-roledescription=\"slide\" aria-label=\"3 de 22\"><figure class=\"swiper-slide-inner\"><img decoding=\"async\" class=\"swiper-slide-image\" src=\"https:\/\/ilp.edu.ar\/wp-content\/uploads\/elementor\/thumbs\/WhatsApp-Image-2024-11-18-at-13.46.40-qxe5prdm7hr349sl5yl2sizmsnqjhycjkvk2fub4lw.jpeg\" alt=\"WhatsApp Image 2024-11-18 at 13.46.40\" \/><\/figure><\/div><div class=\"swiper-slide\" role=\"group\" aria-roledescription=\"slide\" aria-label=\"4 de 22\"><figure class=\"swiper-slide-inner\"><img decoding=\"async\" class=\"swiper-slide-image\" src=\"https:\/\/ilp.edu.ar\/wp-content\/uploads\/elementor\/thumbs\/WhatsApp-Image-2024-11-18-at-23.15.50-qxe5pu74rzuy33ohphsyi0a0ktcn51nql9iivo6y38.jpeg\" alt=\"WhatsApp Image 2024-11-18 at 23.15.50\" \/><\/figure><\/div><div class=\"swiper-slide\" role=\"group\" aria-roledescription=\"slide\" aria-label=\"5 de 22\"><figure class=\"swiper-slide-inner\"><img decoding=\"async\" class=\"swiper-slide-image\" src=\"https:\/\/ilp.edu.ar\/wp-content\/uploads\/elementor\/thumbs\/WhatsApp-Image-2024-11-19-at-08.49.52-qxe5pv4yytw8epn4k07l2i1h6780cqrgxe60cy5jx0.jpeg\" alt=\"WhatsApp Image 2024-11-19 at 08.49.52\" \/><\/figure><\/div><div class=\"swiper-slide\" role=\"group\" aria-roledescription=\"slide\" aria-label=\"6 de 22\"><figure class=\"swiper-slide-inner\"><img decoding=\"async\" class=\"swiper-slide-image\" src=\"https:\/\/ilp.edu.ar\/wp-content\/uploads\/elementor\/thumbs\/WhatsApp-Image-2024-11-19-at-17.13.18-qxe5px0nchyt1xke910u7hkecyyqs4yxlngzbi2rkk.jpeg\" alt=\"WhatsApp Image 2024-11-19 at 17.13.18\" \/><\/figure><\/div><div class=\"swiper-slide\" role=\"group\" aria-roledescription=\"slide\" aria-label=\"7 de 22\"><figure class=\"swiper-slide-inner\"><img decoding=\"async\" class=\"swiper-slide-image\" src=\"https:\/\/ilp.edu.ar\/wp-content\/uploads\/elementor\/thumbs\/WhatsApp-Image-2024-11-19-at-17.21.55-qxe5q0s03u3ycdexn2nchgm8qig7mxduy62x8lx6vo.jpeg\" alt=\"WhatsApp Image 2024-11-19 at 17.21.55\" \/><\/figure><\/div><div class=\"swiper-slide\" role=\"group\" aria-roledescription=\"slide\" aria-label=\"8 de 22\"><figure class=\"swiper-slide-inner\"><img decoding=\"async\" class=\"swiper-slide-image\" src=\"https:\/\/ilp.edu.ar\/wp-content\/uploads\/elementor\/thumbs\/WhatsApp-Image-2024-11-19-at-17.30.29-qxe5q3lioc7tb7au6lv86xwmio2ba0p1yk1doft0d0.jpeg\" alt=\"WhatsApp Image 2024-11-19 at 17.30.29\" \/><\/figure><\/div><div class=\"swiper-slide\" role=\"group\" aria-roledescription=\"slide\" aria-label=\"9 de 22\"><figure class=\"swiper-slide-inner\"><img decoding=\"async\" class=\"swiper-slide-image\" src=\"https:\/\/ilp.edu.ar\/wp-content\/uploads\/elementor\/thumbs\/WhatsApp-Image-2024-11-19-at-20.31.43-1-qxe5q5h720adyf83vmohbxfjpft1pewimtccmzq80k.jpeg\" alt=\"WhatsApp Image 2024-11-19 at 20.31.43 (1)\" \/><\/figure><\/div><div class=\"swiper-slide\" role=\"group\" aria-roledescription=\"slide\" aria-label=\"10 de 22\"><figure class=\"swiper-slide-inner\"><img decoding=\"async\" class=\"swiper-slide-image\" src=\"https:\/\/ilp.edu.ar\/wp-content\/uploads\/elementor\/thumbs\/WhatsApp-Image-2024-11-19-at-20.31.43-qxe5q98jtcfj8v2n9oazlwhe2zaik7bfzbyak3knbo.jpeg\" alt=\"WhatsApp Image 2024-11-19 at 20.31.43\" \/><\/figure><\/div><div class=\"swiper-slide\" role=\"group\" aria-roledescription=\"slide\" aria-label=\"11 de 22\"><figure class=\"swiper-slide-inner\"><img decoding=\"async\" class=\"swiper-slide-image\" src=\"https:\/\/ilp.edu.ar\/wp-content\/uploads\/elementor\/thumbs\/WhatsApp-Image-2024-11-19-at-19.52.52-1-qxe5qc22duje7oyjt7ivbdrrv4wm7ammzpwqzxggt0.jpeg\" alt=\"WhatsApp Image 2024-11-19 at 19.52.52 (1)\" \/><\/figure><\/div><div class=\"swiper-slide\" role=\"group\" aria-roledescription=\"slide\" aria-label=\"12 de 22\"><figure class=\"swiper-slide-inner\"><img decoding=\"async\" class=\"swiper-slide-image\" src=\"https:\/\/ilp.edu.ar\/wp-content\/uploads\/elementor\/thumbs\/WhatsApp-Image-2024-11-19-at-19.52.52-qxe5qdxqrilyuwvti8c4gdap1wncmou3nz7pyhdogk.jpeg\" alt=\"WhatsApp Image 2024-11-19 at 19.52.52\" \/><\/figure><\/div><div class=\"swiper-slide\" role=\"group\" aria-roledescription=\"slide\" aria-label=\"13 de 22\"><figure class=\"swiper-slide-inner\"><img decoding=\"async\" class=\"swiper-slide-image\" src=\"https:\/\/ilp.edu.ar\/wp-content\/uploads\/elementor\/thumbs\/WhatsApp-Image-2024-11-20-at-09.59.53-qxe5qgr9c0pttqrq1rk05ul2u29g9s5aod66eb9hxw.jpeg\" alt=\"WhatsApp Image 2024-11-20 at 09.59.53\" \/><\/figure><\/div><div class=\"swiper-slide\" role=\"group\" aria-roledescription=\"slide\" aria-label=\"14 de 22\"><figure class=\"swiper-slide-inner\"><img decoding=\"async\" class=\"swiper-slide-image\" src=\"https:\/\/ilp.edu.ar\/wp-content\/uploads\/elementor\/thumbs\/WhatsApp-Image-2024-11-20-at-09.59.51-qxe5qimxposegyozqsd9au400u06p6crcmh5cv6plg.jpeg\" alt=\"WhatsApp Image 2024-11-20 at 09.59.51\" \/><\/figure><\/div><div class=\"swiper-slide\" role=\"group\" aria-roledescription=\"slide\" aria-label=\"15 de 22\"><figure class=\"swiper-slide-inner\"><img decoding=\"async\" class=\"swiper-slide-image\" src=\"https:\/\/ilp.edu.ar\/wp-content\/uploads\/elementor\/thumbs\/WhatsApp-Image-2024-11-20-at-09.59.50-qxe5qkim3cuz46m9ft6iftmx7lqx4kk80vs4bf3x90.jpeg\" alt=\"WhatsApp Image 2024-11-20 at 09.59.50\" \/><\/figure><\/div><div class=\"swiper-slide\" role=\"group\" aria-roledescription=\"slide\" aria-label=\"16 de 22\"><figure class=\"swiper-slide-inner\"><img decoding=\"async\" class=\"swiper-slide-image\" src=\"https:\/\/ilp.edu.ar\/wp-content\/uploads\/elementor\/thumbs\/WhatsApp-Image-2024-11-20-at-09.59.49-qxe5qnc4nuyu30i5zcee5axazrd0rnvf19qkr8zqqc.jpeg\" alt=\"WhatsApp Image 2024-11-20 at 09.59.49\" \/><\/figure><\/div><div class=\"swiper-slide\" role=\"group\" aria-roledescription=\"slide\" aria-label=\"17 de 22\"><figure class=\"swiper-slide-inner\"><img decoding=\"async\" class=\"swiper-slide-image\" src=\"https:\/\/ilp.edu.ar\/wp-content\/uploads\/elementor\/thumbs\/WhatsApp-Image-2024-11-20-at-09.59.48-1-qxe5qp7t1j1eq8ffod7naag86j3r722vpj1jpswydw.jpeg\" alt=\"WhatsApp Image 2024-11-20 at 09.59.48 (1)\" \/><\/figure><\/div><div class=\"swiper-slide\" role=\"group\" aria-roledescription=\"slide\" aria-label=\"18 de 22\"><figure class=\"swiper-slide-inner\"><img decoding=\"async\" class=\"swiper-slide-image\" src=\"https:\/\/ilp.edu.ar\/wp-content\/uploads\/elementor\/thumbs\/WhatsApp-Image-2024-11-20-at-09.59.48-qxe5qr3hf73zdgcpde0wf9z5dauhmgacdsciocu61g.jpeg\" alt=\"WhatsApp Image 2024-11-20 at 09.59.48\" \/><\/figure><\/div><div class=\"swiper-slide\" role=\"group\" aria-roledescription=\"slide\" aria-label=\"19 de 22\"><figure class=\"swiper-slide-inner\"><img decoding=\"async\" class=\"swiper-slide-image\" src=\"https:\/\/ilp.edu.ar\/wp-content\/uploads\/elementor\/thumbs\/WhatsApp-Image-2024-11-20-at-10.58.19-qxe5qsz5sv6k0o9z2eu5k9i2k2l81uht21nhmwrdp0.jpeg\" alt=\"WhatsApp Image 2024-11-20 at 10.58.19\" \/><\/figure><\/div><div class=\"swiper-slide\" role=\"group\" aria-roledescription=\"slide\" aria-label=\"20 de 22\"><figure class=\"swiper-slide-inner\"><img decoding=\"async\" class=\"swiper-slide-image\" src=\"https:\/\/ilp.edu.ar\/wp-content\/uploads\/elementor\/thumbs\/WhatsApp-Image-2024-11-20-at-11.28.17-1-qxe5qwqik7bpb44igggnu8jwxm2owmwqek9fk0lt04.jpeg\" alt=\"WhatsApp Image 2024-11-20 at 11.28.17 (1)\" \/><\/figure><\/div><div class=\"swiper-slide\" role=\"group\" aria-roledescription=\"slide\" aria-label=\"21 de 22\"><figure class=\"swiper-slide-inner\"><img decoding=\"async\" class=\"swiper-slide-image\" src=\"https:\/\/ilp.edu.ar\/wp-content\/uploads\/elementor\/thumbs\/WhatsApp-Image-2024-11-20-at-11.28.17-qxe5qzk14pfk9y0ezzojjpuaprosjq7xey7vzuhmhg.jpeg\" alt=\"WhatsApp Image 2024-11-20 at 11.28.17\" \/><\/figure><\/div><div class=\"swiper-slide\" role=\"group\" aria-roledescription=\"slide\" aria-label=\"22 de 22\"><figure class=\"swiper-slide-inner\"><img decoding=\"async\" class=\"swiper-slide-image\" src=\"https:\/\/ilp.edu.ar\/wp-content\/uploads\/elementor\/thumbs\/WhatsApp-Image-2024-11-20-at-12.38.37-qxe5r3bdw1kpkduye1b1tow53b69eimurgttwyc1sk.jpeg\" alt=\"WhatsApp Image 2024-11-20 at 12.38.37\" \/><\/figure><\/div>\t\t\t<\/div>\n\t\t\t\t\t\t\t\t\t\t\t\t<div class=\"elementor-swiper-button elementor-swiper-button-prev\" role=\"button\" tabindex=\"0\">\n\t\t\t\t\t\t<i aria-hidden=\"true\" class=\"eicon-chevron-left\"><\/i>\t\t\t\t\t<\/div>\n\t\t\t\t\t<div class=\"elementor-swiper-button elementor-swiper-button-next\" role=\"button\" tabindex=\"0\">\n\t\t\t\t\t\t<i aria-hidden=\"true\" class=\"eicon-chevron-right\"><\/i>\t\t\t\t\t<\/div>\n\t\t\t\t\n\t\t\t\t\t\t\t\t\t<div class=\"swiper-pagination\"><\/div>\n\t\t\t\t\t\t\t\t\t<\/div>\n\t\t\t\t<\/div>\n\t\t\t\t<\/div>\n\t\t\t\t\t<\/div>\n\t\t<\/div>\n\t\t\t\t\t\t\t<\/div>\n\t\t<\/section>\n\t\t\t\t<section class=\"elementor-section elementor-top-section elementor-element elementor-element-7e250f6 elementor-section-boxed elementor-section-height-default elementor-section-height-default\" data-id=\"7e250f6\" data-element_type=\"section\">\n\t\t\t\t\t\t<div class=\"elementor-container elementor-column-gap-default\">\n\t\t\t\t\t<div class=\"elementor-column elementor-col-100 elementor-top-column elementor-element elementor-element-213634a\" data-id=\"213634a\" data-element_type=\"column\">\n\t\t\t<div class=\"elementor-widget-wrap\">\n\t\t\t\t\t\t\t\t\t<\/div>\n\t\t<\/div>\n\t\t\t\t\t\t\t<\/div>\n\t\t<\/section>\n\t\t\t\t\t\t\t<\/div>\n\t\t","protected":false},"excerpt":{"rendered":"<p>Eventos y campa\u00f1as En el Instituto Luj\u00e1n Porte\u00f1o concebimos la Escuela Secundaria como una estructura pedag\u00f3gica fuertemente articulada que se basa naturalmente en las caracter\u00edsticas del ciclo vital en el que se desarrollan los alumnos. &nbsp;Una forma de desarrollar el v\u00ednculo entre los directivos y alumnos es mediante nuestros eventos-campa\u00f1as. Como cen\u00e1culos, convivencias, campamentos, participaci\u00f3n &hellip;<\/p>\n<p class=\"read-more\"> <a class=\"\" href=\"https:\/\/ilp.edu.ar\/index.php\/activities\/secundario\/actividad-pastoral\/campanas-y-eventos\/\"> <span class=\"screen-reader-text\">Campa\u00f1as y Eventos<\/span> Leer m\u00e1s &raquo;<\/a><\/p>\n","protected":false},"author":2,"featured_media":0,"parent":475,"menu_order":0,"comment_status":"closed","ping_status":"closed","template":"elementor_canvas","meta":{"_uag_custom_page_level_css":"","site-sidebar-layout":"no-sidebar","site-content-layout":"page-builder","ast-global-header-display":"","ast-banner-title-visibility":"","ast-main-header-display":"","ast-hfb-above-header-display":"","ast-hfb-below-header-display":"","ast-hfb-mobile-header-display":"","site-post-title":"disabled","ast-breadcrumbs-content":"","ast-featured-img":"disabled","footer-sml-layout":"","theme-transparent-header-meta":"default","adv-header-id-meta":"","stick-header-meta":"","header-above-stick-meta":"","header-main-stick-meta":"","header-below-stick-meta":""},"uagb_featured_image_src":{"full":false,"thumbnail":false,"medium":false,"medium_large":false,"large":false,"1536x1536":false,"2048x2048":false,"320w":false,"480w":false,"800w":false},"uagb_author_info":{"display_name":"Nivel Secundario","author_link":"https:\/\/ilp.edu.ar\/index.php\/author\/nivel-secundario\/"},"uagb_comment_info":0,"uagb_excerpt":"Eventos y campa\u00f1as En el Instituto Luj\u00e1n Porte\u00f1o concebimos la Escuela Secundaria como una estructura pedag\u00f3gica fuertemente articulada que se basa naturalmente en las caracter\u00edsticas del ciclo vital en el que se desarrollan los alumnos. &nbsp;Una forma de desarrollar el v\u00ednculo entre los directivos y alumnos es mediante nuestros eventos-campa\u00f1as. Como cen\u00e1culos, convivencias, campamentos, participaci\u00f3n&hellip;","_links":{"self":[{"href":"https:\/\/ilp.edu.ar\/index.php\/wp-json\/wp\/v2\/pages\/556"}],"collection":[{"href":"https:\/\/ilp.edu.ar\/index.php\/wp-json\/wp\/v2\/pages"}],"about":[{"href":"https:\/\/ilp.edu.ar\/index.php\/wp-json\/wp\/v2\/types\/page"}],"author":[{"embeddable":true,"href":"https:\/\/ilp.edu.ar\/index.php\/wp-json\/wp\/v2\/users\/2"}],"replies":[{"embeddable":true,"href":"https:\/\/ilp.edu.ar\/index.php\/wp-json\/wp\/v2\/comments?post=556"}],"version-history":[{"count":42,"href":"https:\/\/ilp.edu.ar\/index.php\/wp-json\/wp\/v2\/pages\/556\/revisions"}],"predecessor-version":[{"id":1472,"href":"https:\/\/ilp.edu.ar\/index.php\/wp-json\/wp\/v2\/pages\/556\/revisions\/1472"}],"up":[{"embeddable":true,"href":"https:\/\/ilp.edu.ar\/index.php\/wp-json\/wp\/v2\/pages\/475"}],"wp:attachment":[{"href":"https:\/\/ilp.edu.ar\/index.php\/wp-json\/wp\/v2\/media?parent=556"}],"curies":[{"name":"wp","href":"https:\/\/api.w.org\/{rel}","templated":true}]}}