{"id":834,"date":"2021-05-18T12:54:10","date_gmt":"2021-05-18T12:54:10","guid":{"rendered":"https:\/\/ilp.edu.ar\/index.php\/activities\/"},"modified":"2023-09-14T14:44:36","modified_gmt":"2023-09-14T14:44:36","slug":"activities","status":"publish","type":"page","link":"https:\/\/ilp.edu.ar\/index.php\/activities\/","title":{"rendered":"Pastoral"},"content":{"rendered":"\t\t<div data-elementor-type=\"wp-page\" data-elementor-id=\"834\" class=\"elementor elementor-834\">\n\t\t\t\t\t\t\t\t\t<section class=\"elementor-section elementor-top-section elementor-element elementor-element-0079776 elementor-section-boxed elementor-section-height-default elementor-section-height-default\" data-id=\"0079776\" data-element_type=\"section\">\n\t\t\t\t\t\t<div class=\"elementor-container elementor-column-gap-default\">\n\t\t\t\t\t<div class=\"elementor-column elementor-col-50 elementor-top-column elementor-element elementor-element-d6acd87\" data-id=\"d6acd87\" data-element_type=\"column\">\n\t\t\t<div class=\"elementor-widget-wrap elementor-element-populated\">\n\t\t\t\t\t\t\t\t<div class=\"elementor-element elementor-element-bd4e671 elementor-widget elementor-widget-text-editor\" data-id=\"bd4e671\" data-element_type=\"widget\" data-widget_type=\"text-editor.default\">\n\t\t\t\t<div class=\"elementor-widget-container\">\n\t\t\t<style>\/*! elementor - v3.14.0 - 26-06-2023 *\/\n.elementor-widget-text-editor.elementor-drop-cap-view-stacked .elementor-drop-cap{background-color:#69727d;color:#fff}.elementor-widget-text-editor.elementor-drop-cap-view-framed .elementor-drop-cap{color:#69727d;border:3px solid;background-color:transparent}.elementor-widget-text-editor:not(.elementor-drop-cap-view-default) .elementor-drop-cap{margin-top:8px}.elementor-widget-text-editor:not(.elementor-drop-cap-view-default) .elementor-drop-cap-letter{width:1em;height:1em}.elementor-widget-text-editor .elementor-drop-cap{float:left;text-align:center;line-height:1;font-size:50px}.elementor-widget-text-editor .elementor-drop-cap-letter{display:inline-block}<\/style>\t\t\t\t<p><span style=\"background-color: var(--ast-global-color-1); font-style: inherit; font-weight: inherit; font-family: var( --e-global-typography-text-font-family ), Sans-serif;\">La pastoral est\u00e1 en el coraz\u00f3n de la escuela Luj\u00e1n Porte\u00f1o. El equipo conformado&nbsp;<\/span><span style=\"font-style: inherit; font-weight: inherit; font-family: var( --e-global-typography-text-font-family ), Sans-serif; background-color: var(--ast-global-color-1);\">por el coordinador, sacerdotes y docentes catequistas acompa\u00f1a a todos los niveles con el&nbsp;<\/span><span style=\"font-style: inherit; font-weight: inherit; font-family: var( --e-global-typography-text-font-family ), Sans-serif; background-color: var(--ast-global-color-1);\">objetivo de unir a todo el colegio en una familia bajo el manto de la Virgen de Luj\u00e1n.&nbsp;<\/span><\/p>\t\t\t\t\t\t<\/div>\n\t\t\t\t<\/div>\n\t\t\t\t\t<\/div>\n\t\t<\/div>\n\t\t\t\t<div class=\"elementor-column elementor-col-50 elementor-top-column elementor-element elementor-element-11efe85\" data-id=\"11efe85\" data-element_type=\"column\">\n\t\t\t<div class=\"elementor-widget-wrap elementor-element-populated\">\n\t\t\t\t\t\t\t\t<div class=\"elementor-element elementor-element-5eba358 elementor-widget elementor-widget-image\" data-id=\"5eba358\" data-element_type=\"widget\" data-widget_type=\"image.default\">\n\t\t\t\t<div class=\"elementor-widget-container\">\n\t\t\t<style>\/*! elementor - v3.14.0 - 26-06-2023 *\/\n.elementor-widget-image{text-align:center}.elementor-widget-image a{display:inline-block}.elementor-widget-image a img[src$=\".svg\"]{width:48px}.elementor-widget-image img{vertical-align:middle;display:inline-block}<\/style>\t\t\t\t\t\t\t\t\t\t\t\t<img decoding=\"async\" width=\"800\" height=\"600\" src=\"https:\/\/ilp.edu.ar\/wp-content\/uploads\/2023\/09\/Campamento-6to.jpeg\" class=\"attachment-large size-large wp-image-1210\" alt=\"Campamento 6to\" loading=\"lazy\" srcset=\"https:\/\/ilp.edu.ar\/wp-content\/uploads\/2023\/09\/Campamento-6to.jpeg 800w, https:\/\/ilp.edu.ar\/wp-content\/uploads\/2023\/09\/Campamento-6to-300x225.jpeg 300w, https:\/\/ilp.edu.ar\/wp-content\/uploads\/2023\/09\/Campamento-6to-768x576.jpeg 768w, https:\/\/ilp.edu.ar\/wp-content\/uploads\/2023\/09\/Campamento-6to-320x240.jpeg 320w, https:\/\/ilp.edu.ar\/wp-content\/uploads\/2023\/09\/Campamento-6to-480x360.jpeg 480w\" sizes=\"(max-width: 800px) 100vw, 800px\" \/>\t\t\t\t\t\t\t\t\t\t\t\t\t\t\t<\/div>\n\t\t\t\t<\/div>\n\t\t\t\t\t<\/div>\n\t\t<\/div>\n\t\t\t\t\t\t\t<\/div>\n\t\t<\/section>\n\t\t\t\t<section class=\"elementor-section elementor-top-section elementor-element elementor-element-6bdd3d3 elementor-section-boxed elementor-section-height-default elementor-section-height-default\" data-id=\"6bdd3d3\" data-element_type=\"section\">\n\t\t\t\t\t\t<div class=\"elementor-container elementor-column-gap-default\">\n\t\t\t\t\t<div class=\"elementor-column elementor-col-50 elementor-top-column elementor-element elementor-element-94e283e\" data-id=\"94e283e\" data-element_type=\"column\">\n\t\t\t<div class=\"elementor-widget-wrap elementor-element-populated\">\n\t\t\t\t\t\t\t\t<div class=\"elementor-element elementor-element-1402a9a elementor-widget elementor-widget-text-editor\" data-id=\"1402a9a\" data-element_type=\"widget\" data-widget_type=\"text-editor.default\">\n\t\t\t\t<div class=\"elementor-widget-container\">\n\t\t\t\t\t\t\t\t\t\t\t\t\t<\/div>\n\t\t\t\t<\/div>\n\t\t\t\t<div class=\"elementor-element elementor-element-28bdc86 elementor-widget elementor-widget-text-editor\" data-id=\"28bdc86\" data-element_type=\"widget\" data-widget_type=\"text-editor.default\">\n\t\t\t\t<div class=\"elementor-widget-container\">\n\t\t\t\t\t\t\t<p>Abarca:<\/p>\n<p>&#8211; el lema que cambia cada a\u00f1o,<\/p>\n<p>&#8211; la oraci\u00f3n de todas las ma\u00f1anas,<\/p>\n<p>&#8211; Las im\u00e1genes misioneras de la Virgen de Luj\u00e1n,<\/p>\n<p>&#8211; las misas de los ocho de cada mes,<\/p>\n<p>&#8211; los campamentos,<\/p>\n<p>&#8211; los talleres de animadores,<\/p>\n<p>&#8211; las convivencias,<\/p>\n<p>&#8211; las im\u00e1genes de la Virgen y del Negro Manuel en todas las aulas,<\/p>\n<p>&#8211; la recepci\u00f3n de la Biblia y del env\u00edo misionero,<\/p>\n<p>&#8211; los sacramentos,<\/p>\n<p>&#8211; el cen\u00e1culo,<\/p>\n<p>&#8211; la misi\u00f3n.<\/p><p><br><\/p>\t\t\t\t\t\t<\/div>\n\t\t\t\t<\/div>\n\t\t\t\t\t<\/div>\n\t\t<\/div>\n\t\t\t\t<div class=\"elementor-column elementor-col-50 elementor-top-column elementor-element elementor-element-1fc9178\" data-id=\"1fc9178\" data-element_type=\"column\">\n\t\t\t<div class=\"elementor-widget-wrap elementor-element-populated\">\n\t\t\t\t\t\t\t\t<div class=\"elementor-element elementor-element-7ad9744 elementor-widget elementor-widget-image\" data-id=\"7ad9744\" data-element_type=\"widget\" data-widget_type=\"image.default\">\n\t\t\t\t<div class=\"elementor-widget-container\">\n\t\t\t\t\t\t\t\t\t\t\t\t\t\t\t<img decoding=\"async\" width=\"1024\" height=\"769\" src=\"https:\/\/ilp.edu.ar\/wp-content\/uploads\/2023\/09\/Mural-1024x769.jpeg\" class=\"attachment-large size-large wp-image-1211\" alt=\"Mural\" loading=\"lazy\" srcset=\"https:\/\/ilp.edu.ar\/wp-content\/uploads\/2023\/09\/Mural-1024x769.jpeg 1024w, https:\/\/ilp.edu.ar\/wp-content\/uploads\/2023\/09\/Mural-300x225.jpeg 300w, https:\/\/ilp.edu.ar\/wp-content\/uploads\/2023\/09\/Mural-768x576.jpeg 768w, https:\/\/ilp.edu.ar\/wp-content\/uploads\/2023\/09\/Mural-1536x1153.jpeg 1536w, https:\/\/ilp.edu.ar\/wp-content\/uploads\/2023\/09\/Mural-320x240.jpeg 320w, https:\/\/ilp.edu.ar\/wp-content\/uploads\/2023\/09\/Mural-480x360.jpeg 480w, https:\/\/ilp.edu.ar\/wp-content\/uploads\/2023\/09\/Mural-800x601.jpeg 800w, https:\/\/ilp.edu.ar\/wp-content\/uploads\/2023\/09\/Mural.jpeg 1600w\" sizes=\"(max-width: 1024px) 100vw, 1024px\" \/>\t\t\t\t\t\t\t\t\t\t\t\t\t\t\t<\/div>\n\t\t\t\t<\/div>\n\t\t\t\t<div class=\"elementor-element elementor-element-fec2994 elementor-widget elementor-widget-image\" data-id=\"fec2994\" data-element_type=\"widget\" data-widget_type=\"image.default\">\n\t\t\t\t<div class=\"elementor-widget-container\">\n\t\t\t\t\t\t\t\t\t\t\t\t\t\t\t<img decoding=\"async\" width=\"768\" height=\"1024\" src=\"https:\/\/ilp.edu.ar\/wp-content\/uploads\/2023\/09\/Virgen-768x1024.jpeg\" class=\"attachment-large size-large wp-image-1212\" alt=\"Virgen de Lujan\" loading=\"lazy\" srcset=\"https:\/\/ilp.edu.ar\/wp-content\/uploads\/2023\/09\/Virgen-768x1024.jpeg 768w, https:\/\/ilp.edu.ar\/wp-content\/uploads\/2023\/09\/Virgen-225x300.jpeg 225w, https:\/\/ilp.edu.ar\/wp-content\/uploads\/2023\/09\/Virgen-1152x1536.jpeg 1152w, https:\/\/ilp.edu.ar\/wp-content\/uploads\/2023\/09\/Virgen-320x427.jpeg 320w, https:\/\/ilp.edu.ar\/wp-content\/uploads\/2023\/09\/Virgen-480x640.jpeg 480w, https:\/\/ilp.edu.ar\/wp-content\/uploads\/2023\/09\/Virgen-800x1067.jpeg 800w, https:\/\/ilp.edu.ar\/wp-content\/uploads\/2023\/09\/Virgen.jpeg 1200w\" sizes=\"(max-width: 768px) 100vw, 768px\" \/>\t\t\t\t\t\t\t\t\t\t\t\t\t\t\t<\/div>\n\t\t\t\t<\/div>\n\t\t\t\t\t<\/div>\n\t\t<\/div>\n\t\t\t\t\t\t\t<\/div>\n\t\t<\/section>\n\t\t\t\t<section class=\"elementor-section elementor-top-section elementor-element elementor-element-4b1f0c1 elementor-section-boxed elementor-section-height-default elementor-section-height-default\" data-id=\"4b1f0c1\" data-element_type=\"section\">\n\t\t\t\t\t\t<div class=\"elementor-container elementor-column-gap-default\">\n\t\t\t\t\t<div class=\"elementor-column elementor-col-50 elementor-top-column elementor-element elementor-element-6ba2faa\" data-id=\"6ba2faa\" data-element_type=\"column\">\n\t\t\t<div class=\"elementor-widget-wrap elementor-element-populated\">\n\t\t\t\t\t\t\t\t<div class=\"elementor-element elementor-element-fec3f10 elementor-widget__width-initial elementor-widget elementor-widget-text-editor\" data-id=\"fec3f10\" data-element_type=\"widget\" data-widget_type=\"text-editor.default\">\n\t\t\t\t<div class=\"elementor-widget-container\">\n\t\t\t\t\t\t\t<p>Adem\u00e1s, el mensaje del Evangelio en Luj\u00e1n Porte\u00f1o no se queda ah\u00ed. M\u00e1s all\u00e1 del equipo de pastoral, toda la escuela vive en clave evangelizadora. Los docentes acompa\u00f1an las distintas actividades y se busca que cada uno de los alumnos pueda acercarse al amor de Dios y Jes\u00fas pensando propuestas para cada curso. Por ejemplo, quinto grado de primaria es el curso misionero, encargado de llevar la Luz de Jes\u00fas a todo el nivel.<\/p>\n<p>El acompa\u00f1amiento sacramental tambi\u00e9n es central para la escuela. El estudiante de Luj\u00e1n&nbsp;<span style=\"font-style: inherit; font-weight: inherit; font-family: var( --e-global-typography-text-font-family ), Sans-serif; background-color: var(--ast-global-color-1);\">Porte\u00f1o termina el secundario habiendo recibido la Reconciliaci\u00f3n (tercer grado), la&nbsp;<\/span><span style=\"font-style: inherit; font-weight: inherit; font-family: var( --e-global-typography-text-font-family ), Sans-serif; background-color: var(--ast-global-color-1);\">Comuni\u00f3n (cuarto grado) y la Confirmaci\u00f3n (tercer a\u00f1o).<\/span><\/p>\t\t\t\t\t\t<\/div>\n\t\t\t\t<\/div>\n\t\t\t\t\t<\/div>\n\t\t<\/div>\n\t\t\t\t<div class=\"elementor-column elementor-col-50 elementor-top-column elementor-element elementor-element-e985991\" data-id=\"e985991\" data-element_type=\"column\">\n\t\t\t<div class=\"elementor-widget-wrap elementor-element-populated\">\n\t\t\t\t\t\t\t\t<div class=\"elementor-element elementor-element-6306e01 elementor-widget elementor-widget-image\" data-id=\"6306e01\" data-element_type=\"widget\" data-widget_type=\"image.default\">\n\t\t\t\t<div class=\"elementor-widget-container\">\n\t\t\t\t\t\t\t\t\t\t\t\t\t\t\t<img decoding=\"async\" width=\"1600\" height=\"1200\" src=\"https:\/\/ilp.edu.ar\/wp-content\/uploads\/2023\/09\/Mural2.jpeg\" class=\"attachment-2048x2048 size-2048x2048 wp-image-1213\" alt=\"Mural\" loading=\"lazy\" srcset=\"https:\/\/ilp.edu.ar\/wp-content\/uploads\/2023\/09\/Mural2.jpeg 1600w, https:\/\/ilp.edu.ar\/wp-content\/uploads\/2023\/09\/Mural2-300x225.jpeg 300w, https:\/\/ilp.edu.ar\/wp-content\/uploads\/2023\/09\/Mural2-1024x768.jpeg 1024w, https:\/\/ilp.edu.ar\/wp-content\/uploads\/2023\/09\/Mural2-768x576.jpeg 768w, https:\/\/ilp.edu.ar\/wp-content\/uploads\/2023\/09\/Mural2-1536x1152.jpeg 1536w, https:\/\/ilp.edu.ar\/wp-content\/uploads\/2023\/09\/Mural2-320x240.jpeg 320w, https:\/\/ilp.edu.ar\/wp-content\/uploads\/2023\/09\/Mural2-480x360.jpeg 480w, https:\/\/ilp.edu.ar\/wp-content\/uploads\/2023\/09\/Mural2-800x600.jpeg 800w\" sizes=\"(max-width: 1600px) 100vw, 1600px\" \/>\t\t\t\t\t\t\t\t\t\t\t\t\t\t\t<\/div>\n\t\t\t\t<\/div>\n\t\t\t\t<div class=\"elementor-element elementor-element-17063b4 elementor-widget elementor-widget-image\" data-id=\"17063b4\" data-element_type=\"widget\" data-widget_type=\"image.default\">\n\t\t\t\t<div class=\"elementor-widget-container\">\n\t\t\t\t\t\t\t\t\t\t\t\t\t\t\t<img decoding=\"async\" width=\"1024\" height=\"768\" src=\"https:\/\/ilp.edu.ar\/wp-content\/uploads\/2023\/09\/Collage-1024x768.jpeg\" class=\"attachment-large size-large wp-image-1214\" alt=\"Collage\" loading=\"lazy\" srcset=\"https:\/\/ilp.edu.ar\/wp-content\/uploads\/2023\/09\/Collage-1024x768.jpeg 1024w, https:\/\/ilp.edu.ar\/wp-content\/uploads\/2023\/09\/Collage-300x225.jpeg 300w, https:\/\/ilp.edu.ar\/wp-content\/uploads\/2023\/09\/Collage-768x576.jpeg 768w, https:\/\/ilp.edu.ar\/wp-content\/uploads\/2023\/09\/Collage-1536x1152.jpeg 1536w, https:\/\/ilp.edu.ar\/wp-content\/uploads\/2023\/09\/Collage-320x240.jpeg 320w, https:\/\/ilp.edu.ar\/wp-content\/uploads\/2023\/09\/Collage-480x360.jpeg 480w, https:\/\/ilp.edu.ar\/wp-content\/uploads\/2023\/09\/Collage-800x600.jpeg 800w, https:\/\/ilp.edu.ar\/wp-content\/uploads\/2023\/09\/Collage.jpeg 1600w\" sizes=\"(max-width: 1024px) 100vw, 1024px\" \/>\t\t\t\t\t\t\t\t\t\t\t\t\t\t\t<\/div>\n\t\t\t\t<\/div>\n\t\t\t\t\t<\/div>\n\t\t<\/div>\n\t\t\t\t\t\t\t<\/div>\n\t\t<\/section>\n\t\t\t\t<section class=\"elementor-section elementor-top-section elementor-element elementor-element-57f90ef elementor-section-boxed elementor-section-height-default elementor-section-height-default\" data-id=\"57f90ef\" data-element_type=\"section\">\n\t\t\t\t\t\t<div class=\"elementor-container elementor-column-gap-default\">\n\t\t\t\t\t<div class=\"elementor-column elementor-col-50 elementor-top-column elementor-element elementor-element-751a32a\" data-id=\"751a32a\" data-element_type=\"column\">\n\t\t\t<div class=\"elementor-widget-wrap elementor-element-populated\">\n\t\t\t\t\t\t\t\t<div class=\"elementor-element elementor-element-285ab0e elementor-widget elementor-widget-text-editor\" data-id=\"285ab0e\" data-element_type=\"widget\" data-widget_type=\"text-editor.default\">\n\t\t\t\t<div class=\"elementor-widget-container\">\n\t\t\t\t\t\t\t<p>Como dijo el papa Francisco, \u201cla nueva evangelizaci\u00f3n debe implicar un nuevo&nbsp;<span style=\"font-style: inherit; font-weight: inherit; font-family: var( --e-global-typography-text-font-family ), Sans-serif; background-color: var(--ast-global-color-1);\">protagonismo de cada uno de los bautizados\u00bb y Luj\u00e1n Porte\u00f1o es el hogar que cada uno de&nbsp;<\/span><span style=\"font-style: inherit; font-weight: inherit; font-family: var( --e-global-typography-text-font-family ), Sans-serif; background-color: var(--ast-global-color-1);\">los alumnos y docentes que pasaron por la escuela ayudaron a construir, de una manera<\/span><\/p>\n<p>\u00fanica, siguiendo el ejemplo del Negro Manuel y bajo el manto de Nuestra Madre la Virgen de Luj\u00e1n.<\/p>\t\t\t\t\t\t<\/div>\n\t\t\t\t<\/div>\n\t\t\t\t\t<\/div>\n\t\t<\/div>\n\t\t\t\t<div class=\"elementor-column elementor-col-50 elementor-top-column elementor-element elementor-element-7f48ad5\" data-id=\"7f48ad5\" data-element_type=\"column\">\n\t\t\t<div class=\"elementor-widget-wrap elementor-element-populated\">\n\t\t\t\t\t\t\t\t<div class=\"elementor-element elementor-element-045e7ed elementor-widget elementor-widget-image\" data-id=\"045e7ed\" data-element_type=\"widget\" data-widget_type=\"image.default\">\n\t\t\t\t<div class=\"elementor-widget-container\">\n\t\t\t\t\t\t\t\t\t\t\t\t\t\t\t<img decoding=\"async\" width=\"1024\" height=\"768\" src=\"https:\/\/ilp.edu.ar\/wp-content\/uploads\/2023\/09\/Virgen-2-1024x768.jpeg\" class=\"attachment-large size-large wp-image-1216\" alt=\"\" loading=\"lazy\" srcset=\"https:\/\/ilp.edu.ar\/wp-content\/uploads\/2023\/09\/Virgen-2-1024x768.jpeg 1024w, https:\/\/ilp.edu.ar\/wp-content\/uploads\/2023\/09\/Virgen-2-300x225.jpeg 300w, https:\/\/ilp.edu.ar\/wp-content\/uploads\/2023\/09\/Virgen-2-768x576.jpeg 768w, https:\/\/ilp.edu.ar\/wp-content\/uploads\/2023\/09\/Virgen-2-1536x1152.jpeg 1536w, https:\/\/ilp.edu.ar\/wp-content\/uploads\/2023\/09\/Virgen-2-320x240.jpeg 320w, https:\/\/ilp.edu.ar\/wp-content\/uploads\/2023\/09\/Virgen-2-480x360.jpeg 480w, https:\/\/ilp.edu.ar\/wp-content\/uploads\/2023\/09\/Virgen-2-800x600.jpeg 800w, https:\/\/ilp.edu.ar\/wp-content\/uploads\/2023\/09\/Virgen-2.jpeg 1600w\" sizes=\"(max-width: 1024px) 100vw, 1024px\" \/>\t\t\t\t\t\t\t\t\t\t\t\t\t\t\t<\/div>\n\t\t\t\t<\/div>\n\t\t\t\t\t<\/div>\n\t\t<\/div>\n\t\t\t\t\t\t\t<\/div>\n\t\t<\/section>\n\t\t\t\t\t\t\t<\/div>\n\t\t","protected":false},"excerpt":{"rendered":"<p>La pastoral est\u00e1 en el coraz\u00f3n de la escuela Luj\u00e1n Porte\u00f1o. El equipo conformado&nbsp;por el coordinador, sacerdotes y docentes catequistas acompa\u00f1a a todos los niveles con el&nbsp;objetivo de unir a todo el colegio en una familia bajo el manto de la Virgen de Luj\u00e1n.&nbsp; Abarca: &#8211; el lema que cambia cada a\u00f1o, &#8211; la oraci\u00f3n &hellip;<\/p>\n<p class=\"read-more\"> <a class=\"\" href=\"https:\/\/ilp.edu.ar\/index.php\/activities\/\"> <span class=\"screen-reader-text\">Pastoral<\/span> Leer m\u00e1s &raquo;<\/a><\/p>\n","protected":false},"author":1,"featured_media":0,"parent":0,"menu_order":0,"comment_status":"closed","ping_status":"closed","template":"","meta":{"_uag_custom_page_level_css":"","site-sidebar-layout":"no-sidebar","site-content-layout":"plain-container","ast-global-header-display":"","ast-banner-title-visibility":"","ast-main-header-display":"","ast-hfb-above-header-display":"","ast-hfb-below-header-display":"","ast-hfb-mobile-header-display":"","site-post-title":"disabled","ast-breadcrumbs-content":"","ast-featured-img":"disabled","footer-sml-layout":"","theme-transparent-header-meta":"default","adv-header-id-meta":"","stick-header-meta":"","header-above-stick-meta":"","header-main-stick-meta":"","header-below-stick-meta":""},"uagb_featured_image_src":{"full":false,"thumbnail":false,"medium":false,"medium_large":false,"large":false,"1536x1536":false,"2048x2048":false,"320w":false,"480w":false,"800w":false},"uagb_author_info":{"display_name":"ilpadmin","author_link":"https:\/\/ilp.edu.ar\/index.php\/author\/ilpadmin\/"},"uagb_comment_info":0,"uagb_excerpt":"La pastoral est\u00e1 en el coraz\u00f3n de la escuela Luj\u00e1n Porte\u00f1o. El equipo conformado&nbsp;por el coordinador, sacerdotes y docentes catequistas acompa\u00f1a a todos los niveles con el&nbsp;objetivo de unir a todo el colegio en una familia bajo el manto de la Virgen de Luj\u00e1n.&nbsp; Abarca: &#8211; el lema que cambia cada a\u00f1o, &#8211; la oraci\u00f3n&hellip;","_links":{"self":[{"href":"https:\/\/ilp.edu.ar\/index.php\/wp-json\/wp\/v2\/pages\/834"}],"collection":[{"href":"https:\/\/ilp.edu.ar\/index.php\/wp-json\/wp\/v2\/pages"}],"about":[{"href":"https:\/\/ilp.edu.ar\/index.php\/wp-json\/wp\/v2\/types\/page"}],"author":[{"embeddable":true,"href":"https:\/\/ilp.edu.ar\/index.php\/wp-json\/wp\/v2\/users\/1"}],"replies":[{"embeddable":true,"href":"https:\/\/ilp.edu.ar\/index.php\/wp-json\/wp\/v2\/comments?post=834"}],"version-history":[{"count":9,"href":"https:\/\/ilp.edu.ar\/index.php\/wp-json\/wp\/v2\/pages\/834\/revisions"}],"predecessor-version":[{"id":1219,"href":"https:\/\/ilp.edu.ar\/index.php\/wp-json\/wp\/v2\/pages\/834\/revisions\/1219"}],"wp:attachment":[{"href":"https:\/\/ilp.edu.ar\/index.php\/wp-json\/wp\/v2\/media?parent=834"}],"curies":[{"name":"wp","href":"https:\/\/api.w.org\/{rel}","templated":true}]}}